{"id":77665,"date":"2024-11-21T16:02:27","date_gmt":"2024-11-21T15:02:27","guid":{"rendered":"https:\/\/biketoursspain.com\/?page_id=77665"},"modified":"2024-11-21T16:02:27","modified_gmt":"2024-11-21T15:02:27","slug":"bike-tours-spain-cicloturismo-en-espana-live-love-ride","status":"publish","type":"page","link":"https:\/\/biketoursspain.com\/es\/","title":{"rendered":"Bike Tours Spain | Cicloturismo en Espa\u00f1a | Live Love Ride"},"content":{"rendered":"","protected":false},"excerpt":{"rendered":"","protected":false},"author":1,"featured_media":33963,"parent":0,"menu_order":2,"comment_status":"closed","ping_status":"closed","template":"","meta":{"ct_builder_shortcodes":"","ct_template_type":"","ct_parent_template":0,"_seopress_robots_primary_cat":"","_seopress_titles_title":"Bike Tours Spain | Cicloturismo en Espa\u00f1a | Live Love Ride","_seopress_titles_desc":"En nuestras experiencias de cicloturismo en Espa\u00f1a podr\u00e1s disfrutar de la gastronom\u00eda, cultura y grandes paisajes, mientras te relajas en hoteles encantadores.","_seopress_robots_index":"","footnotes":""},"class_list":["post-77665","page","type-page","status-publish","has-post-thumbnail","hentry"],"_links":{"self":[{"href":"https:\/\/biketoursspain.com\/es\/wp-json\/wp\/v2\/pages\/77665","targetHints":{"allow":["GET"]}}],"collection":[{"href":"https:\/\/biketoursspain.com\/es\/wp-json\/wp\/v2\/pages"}],"about":[{"href":"https:\/\/biketoursspain.com\/es\/wp-json\/wp\/v2\/types\/page"}],"author":[{"embeddable":true,"href":"https:\/\/biketoursspain.com\/es\/wp-json\/wp\/v2\/users\/1"}],"replies":[{"embeddable":true,"href":"https:\/\/biketoursspain.com\/es\/wp-json\/wp\/v2\/comments?post=77665"}],"version-history":[{"count":1,"href":"https:\/\/biketoursspain.com\/es\/wp-json\/wp\/v2\/pages\/77665\/revisions"}],"predecessor-version":[{"id":77666,"href":"https:\/\/biketoursspain.com\/es\/wp-json\/wp\/v2\/pages\/77665\/revisions\/77666"}],"wp:featuredmedia":[{"embeddable":true,"href":"https:\/\/biketoursspain.com\/es\/wp-json\/wp\/v2\/media\/33963"}],"wp:attachment":[{"href":"https:\/\/biketoursspain.com\/es\/wp-json\/wp\/v2\/media?parent=77665"}],"curies":[{"name":"wp","href":"https:\/\/api.w.org\/{rel}","templated":true}]}}