{"id":34188,"date":"2019-03-10T10:52:00","date_gmt":"2019-03-10T10:52:00","guid":{"rendered":"https:\/\/biketoursspain.com\/privacy-policy\/"},"modified":"2022-10-03T10:22:09","modified_gmt":"2022-10-03T10:22:09","slug":"politica-de-privacidad","status":"publish","type":"page","link":"https:\/\/biketoursspain.com\/es\/politica-de-privacidad\/","title":{"rendered":"Pol\u00edtica de Privacidad"},"content":{"rendered":"<h1 style=\"text-align: center;\"><span data-sheets-userformat=\"{&quot;2&quot;:513,&quot;3&quot;:{&quot;1&quot;:0},&quot;12&quot;:0}\" data-sheets-value=\"{&quot;1&quot;:2,&quot;2&quot;:&quot;POL\u00cdTICA DE PRIVACIDAD&quot;}\">POL\u00cdTICA DE PRIVACIDAD<\/span><\/h1>\n<h2><span data-sheets-userformat=\"{&quot;2&quot;:513,&quot;3&quot;:{&quot;1&quot;:0},&quot;12&quot;:0}\" data-sheets-value=\"{&quot;1&quot;:2,&quot;2&quot;:&quot;POL\u00cdTICA DE PRIVACIDAD&quot;}\">POL\u00cdTICA DE PRIVACIDAD<\/span><\/h2>\n<h3><span data-sheets-userformat=\"{&quot;2&quot;:513,&quot;3&quot;:{&quot;1&quot;:0},&quot;12&quot;:0}\" data-sheets-value=\"{&quot;1&quot;:2,&quot;2&quot;:&quot;\u00bfCu\u00e1l es nuestra pol\u00edtica de privacidad?&quot;}\">\u00bfCu\u00e1l es nuestra pol\u00edtica de privacidad?<\/span><\/h3>\n<p><span data-sheets-userformat=\"{&quot;2&quot;:513,&quot;3&quot;:{&quot;1&quot;:0},&quot;12&quot;:0}\" data-sheets-value=\"{&quot;1&quot;:2,&quot;2&quot;:&quot;Nuestra pol\u00edtica de privacidad es bastante simple: No usaremos tu direcci\u00f3n de correo electr\u00f3nico ni ninguna otra informaci\u00f3n para ning\u00fan otro prop\u00f3sito m\u00e1s por el cual inicialmente nos lo proporcionaste: enviarte itinerarios, preparar de mejor forma tu tour en bicicleta, y de vez en cuando enviar a nuestros hu\u00e9spedes alguna encuesta de satisfacci\u00f3n. Ocasionalmente, informaremos a nuestros hu\u00e9spedes de productos y actividades especiales.&quot;}\">Nuestra pol\u00edtica de privacidad es bastante simple: No usaremos tu direcci\u00f3n de correo electr\u00f3nico ni ninguna otra informaci\u00f3n para ning\u00fan otro prop\u00f3sito m\u00e1s por el cual inicialmente nos lo proporcionaste: enviarte itinerarios, preparar de mejor forma tu tour en bicicleta, y de vez en cuando enviar a nuestros hu\u00e9spedes alguna encuesta de satisfacci\u00f3n. Ocasionalmente, informaremos a nuestros hu\u00e9spedes de productos y actividades especiales.<\/span><\/p>\n<h4><span data-sheets-userformat=\"{&quot;2&quot;:513,&quot;3&quot;:{&quot;1&quot;:0},&quot;12&quot;:0}\" data-sheets-value=\"{&quot;1&quot;:2,&quot;2&quot;:&quot;TU NOMBRE Y CORREO ELECTR\u00d3NICO&quot;}\">TU NOMBRE Y CORREO ELECTR\u00d3NICO<\/span><\/h4>\n<p><span data-sheets-userformat=\"{&quot;2&quot;:513,&quot;3&quot;:{&quot;1&quot;:0},&quot;12&quot;:0}\" data-sheets-value=\"{&quot;1&quot;:2,&quot;2&quot;:&quot;No alquilaremos, intercambiaremos ni venderemos nuestras listas de datos a anunciantes, otros sitios web o corredores de listas.&quot;}\">No alquilaremos, intercambiaremos ni venderemos nuestras listas de datos a anunciantes, otros sitios web o corredores de listas.<\/span><\/p>\n<h4><span style=\"color: var(--tcb-color-1);\"><span data-sheets-userformat=\"{&quot;2&quot;:513,&quot;3&quot;:{&quot;1&quot;:0},&quot;12&quot;:0}\" data-sheets-value=\"{&quot;1&quot;:2,&quot;2&quot;:&quot;LA INFORMACI\u00d3N QUE TENEMOS&quot;}\">LA INFORMACI\u00d3N QUE TENEMOS<\/span><\/span><\/h4>\n<p><span style=\"color: var(--tcb-color-1);\">\u200b<\/span><\/p>\n<h4><span data-sheets-userformat=\"{&quot;2&quot;:513,&quot;3&quot;:{&quot;1&quot;:0},&quot;12&quot;:0}\" data-sheets-value=\"{&quot;1&quot;:2,&quot;2&quot;:&quot;Sitio&quot;}\">Sitio<\/span><\/h4>\n<p><span data-sheets-userformat=\"{&quot;2&quot;:6723,&quot;3&quot;:{&quot;1&quot;:0},&quot;4&quot;:{&quot;1&quot;:2,&quot;2&quot;:16777215},&quot;9&quot;:0,&quot;12&quot;:0,&quot;14&quot;:{&quot;1&quot;:2,&quot;2&quot;:0},&quot;15&quot;:&quot;Arial&quot;}\" data-sheets-value=\"{&quot;1&quot;:2,&quot;2&quot;:&quot;No capturamos ninguna informaci\u00f3n de identificaci\u00f3n personal de los visitantes a nuestro sitio, s\u00f3lo informaci\u00f3n an\u00f3nima como se detalla en las secciones debajo de \u00e9sta.&quot;}\">No capturamos ninguna informaci\u00f3n de identificaci\u00f3n personal de los visitantes a nuestro sitio, s\u00f3lo informaci\u00f3n an\u00f3nima como se detalla en las secciones debajo de \u00e9sta.<\/span><\/p>\n<h5><span data-sheets-userformat=\"{&quot;2&quot;:513,&quot;3&quot;:{&quot;1&quot;:0},&quot;12&quot;:0}\" data-sheets-value=\"{&quot;1&quot;:2,&quot;2&quot;:&quot;Bolet\u00edn&quot;}\">Bolet\u00edn<\/span><\/h5>\n<p>Utilizamos MailChimp como nuestro proveedor de servicios de automatizaci\u00f3n y marketing por correo electr\u00f3nico. Dentro de MailChimp tenemos los siguientes datos:Informaci\u00f3n que los suscriptores del bolet\u00edn pueden haber proporcionado cuando optaron por solicitar una de nuestras descargas. Esto puede incluir nombre y apellido, direcci\u00f3n de correo electr\u00f3nico, n\u00famero de tel\u00e9fono, cargo, organizaci\u00f3n, tama\u00f1o de la empresa y pa\u00eds. Esta informaci\u00f3n s\u00f3lo se conserva en los suscriptores del bolet\u00edn que la enviaron al solicitar una descarga.Informaci\u00f3n que los suscriptores del bolet\u00edn pueden haber proporcionado al optar por recibir nuestro bolet\u00edn. Por lo general, esto se limita al nombre y la direcci\u00f3n de correo electr\u00f3nico.Informaci\u00f3n que MailChimp determina por s\u00ed mismo a partir de la actividad de los suscriptores del bolet\u00edn, como la ubicaci\u00f3n basada en IP (latitud\/longitud, zona horaria y pa\u00eds).No vendemos ni alquilamos \u00e9sta informaci\u00f3n, y s\u00f3lo la usamos en ocasiones de forma agregada y an\u00f3nima para determinar datos generales sobre la audiencia de suscriptores de nuestro bolet\u00edn.<\/p>\n<h5><span data-sheets-userformat=\"{&quot;2&quot;:513,&quot;3&quot;:{&quot;1&quot;:0},&quot;12&quot;:0}\" data-sheets-value=\"{&quot;1&quot;:2,&quot;2&quot;:&quot;Productos Pagados&quot;}\">Productos Pagados<\/span><\/h5>\n<p><span data-sheets-userformat=\"{&quot;2&quot;:513,&quot;3&quot;:{&quot;1&quot;:0},&quot;12&quot;:0}\" data-sheets-value=\"{&quot;1&quot;:2,&quot;2&quot;:&quot;Tenemos acceso a la informaci\u00f3n que proporcionaste al comprar un producto pagado, como puede ser un reporte. Esto se limita a la informaci\u00f3n necesaria para procesar su pago, como el nombre, la direcci\u00f3n y la informaci\u00f3n de su tarjeta de cr\u00e9dito. Esta informaci\u00f3n est\u00e1 en manos de las entidades que la procesan de acuerdo con sus t\u00e9rminos de servicio.&quot;}\">Tenemos acceso a la informaci\u00f3n que proporcionaste al comprar un producto pagado, como puede ser un reporte. Esto se limita a la informaci\u00f3n necesaria para procesar su pago, como el nombre, la direcci\u00f3n y la informaci\u00f3n de su tarjeta de cr\u00e9dito. Esta informaci\u00f3n est\u00e1 en manos de las entidades que la procesan de acuerdo con sus t\u00e9rminos de servicio.<\/span><\/p>\n<h4><span data-sheets-userformat=\"{&quot;2&quot;:513,&quot;3&quot;:{&quot;1&quot;:0},&quot;12&quot;:0}\" data-sheets-value=\"{&quot;1&quot;:2,&quot;2&quot;:&quot;GESTI\u00d3N DE TUS DATOS&quot;}\">GESTI\u00d3N DE TUS DATOS<\/span><\/h4>\n<p><span data-sheets-userformat=\"{&quot;2&quot;:513,&quot;3&quot;:{&quot;1&quot;:0},&quot;12&quot;:0}\" data-sheets-value=\"{&quot;1&quot;:2,&quot;2&quot;:&quot;Puedes solicitar ver los datos que tenemos tuyos en cualquier momento, y tambi\u00e9n puedes solicitar la eliminaci\u00f3n de tus datos en cualquier momento. Env\u00eda un correo electr\u00f3nico a ridewithus@liveloveride.pt para cualquier pregunta relacionada con tus datos personales.&quot;}\">Puedes solicitar ver los datos que tenemos tuyos en cualquier momento, y tambi\u00e9n puedes solicitar la eliminaci\u00f3n de tus datos en cualquier momento. Env\u00eda un correo electr\u00f3nico a ridewithus@liveloveride.pt para cualquier pregunta relacionada con tus datos personales.<\/span><\/p>\n<p><span data-sheets-userformat=\"{&quot;2&quot;:513,&quot;3&quot;:{&quot;1&quot;:0},&quot;12&quot;:0}\" data-sheets-value=\"{&quot;1&quot;:2,&quot;2&quot;:&quot;Si publicas un comentario en nuestro sitio web, no utilizaremos tu correo electr\u00f3nico, excepto para enviarte avisos de actualizaci\u00f3n sobre la entrada espec\u00edfica que comentaste, o para iniciar una conversaci\u00f3n privada por correo electr\u00f3nico contigo sobre tu publicaci\u00f3n.&quot;}\">Si publicas un comentario en nuestro sitio web, no utilizaremos tu correo electr\u00f3nico, excepto para enviarte avisos de actualizaci\u00f3n sobre la entrada espec\u00edfica que comentaste, o para iniciar una conversaci\u00f3n privada por correo electr\u00f3nico contigo sobre tu publicaci\u00f3n.<\/span><\/p>\n<h4><span data-sheets-userformat=\"{&quot;2&quot;:513,&quot;3&quot;:{&quot;1&quot;:0},&quot;12&quot;:0}\" data-sheets-value=\"{&quot;1&quot;:2,&quot;2&quot;:&quot;REGISTRO, COOKIES, BALIZAS WEB Y PUBLICIDAD DE TERCEROS&quot;}\">REGISTRO, COOKIES, BALIZAS WEB Y PUBLICIDAD DE TERCEROS<\/span><\/h4>\n<p><span data-sheets-userformat=\"{&quot;2&quot;:513,&quot;3&quot;:{&quot;1&quot;:0},&quot;12&quot;:0}\" data-sheets-value=\"{&quot;1&quot;:2,&quot;2&quot;:&quot;Recopilamos datos de uso an\u00f3nimos (t\u00e9cnicamente conocidos como &quot;registros de referencia&quot;) en nuestro sitio web, como la direcci\u00f3n IP, el sitio de referencia o el tipo de navegador. No vinculamos los datos de IP con la informaci\u00f3n de identificaci\u00f3n personal, excepto, cuando corresponda, para los miembros registrados para evitar el fraude en el intercambio de cuentas.&quot;}\">Recopilamos datos de uso an\u00f3nimos (t\u00e9cnicamente conocidos como \"registros de referencia\") en nuestro sitio web, como la direcci\u00f3n IP, el sitio de referencia o el tipo de navegador. No vinculamos los datos de IP con la informaci\u00f3n de identificaci\u00f3n personal, excepto, cuando corresponda, para los miembros registrados para evitar el fraude en el intercambio de cuentas.<\/span><\/p>\n<p><span data-sheets-userformat=\"{&quot;2&quot;:513,&quot;3&quot;:{&quot;1&quot;:0},&quot;12&quot;:0}\" data-sheets-value=\"{&quot;1&quot;:2,&quot;2&quot;:&quot;Podemos utilizar medios t\u00e9cnicos de seguimiento, como cookies o balizas web (gifs transparentes de un solo p\u00edxel). Estas t\u00e9cnicas son an\u00f3nimas y se utilizan s\u00f3lo con fines estad\u00edsticos (por ejemplo, encontrar nuestra tasa de apertura de correo electr\u00f3nico). No intentaremos monitorear tu uso personal an\u00f3nimo de nuestro sitio y cartas. Puedes configurar tu navegador para que rechace las cookies si as\u00ed lo deseas, aunque eso podr\u00eda limitar algunas funciones del sitio.&quot;}\">Podemos utilizar medios t\u00e9cnicos de seguimiento, como cookies o balizas web (gifs transparentes de un solo p\u00edxel). Estas t\u00e9cnicas son an\u00f3nimas y se utilizan s\u00f3lo con fines estad\u00edsticos (por ejemplo, encontrar nuestra tasa de apertura de correo electr\u00f3nico). No intentaremos monitorear tu uso personal an\u00f3nimo de nuestro sitio y cartas. Puedes configurar tu navegador para que rechace las cookies si as\u00ed lo deseas, aunque eso podr\u00eda limitar algunas funciones del sitio.<\/span><\/p>\n<h4><span data-sheets-userformat=\"{&quot;2&quot;:513,&quot;3&quot;:{&quot;1&quot;:0},&quot;12&quot;:0}\" data-sheets-value=\"{&quot;1&quot;:2,&quot;2&quot;:&quot;SEGURIDAD&quot;}\">SEGURIDAD<\/span><\/h4>\n<p><span data-sheets-userformat=\"{&quot;2&quot;:513,&quot;3&quot;:{&quot;1&quot;:0},&quot;12&quot;:0}\" data-sheets-value=\"{&quot;1&quot;:2,&quot;2&quot;:&quot;Hemos implementado medidas de seguridad para proteger la p\u00e9rdida, mal uso y alteraci\u00f3n de la informaci\u00f3n bajo nuestro control. S\u00f3lo el personal autorizado tiene permitido el acceso f\u00edsico y\/o digital a los servidores y datos. Todos los servidores y las copias de seguridad de los datos se mantienen seguros frente a intrusiones f\u00edsicas y electr\u00f3nicas mediante el uso de cortafuegos y sistemas de seguridad redundantes, que se eval\u00faan y actualizan peri\u00f3dicamente.&quot;}\">Hemos implementado medidas de seguridad para proteger la p\u00e9rdida, mal uso y alteraci\u00f3n de la informaci\u00f3n bajo nuestro control. S\u00f3lo el personal autorizado tiene permitido el acceso f\u00edsico y\/o digital a los servidores y datos. Todos los servidores y las copias de seguridad de los datos se mantienen seguros frente a intrusiones f\u00edsicas y electr\u00f3nicas mediante el uso de cortafuegos y sistemas de seguridad redundantes, que se eval\u00faan y actualizan peri\u00f3dicamente.<\/span><\/p>\n<h4><span data-sheets-userformat=\"{&quot;2&quot;:513,&quot;3&quot;:{&quot;1&quot;:0},&quot;12&quot;:0}\" data-sheets-value=\"{&quot;1&quot;:2,&quot;2&quot;:&quot;NOTA LEGAL&quot;}\">NOTA LEGAL<\/span><\/h4>\n<p><span data-sheets-userformat=\"{&quot;2&quot;:513,&quot;3&quot;:{&quot;1&quot;:0},&quot;12&quot;:0}\" data-sheets-value=\"{&quot;1&quot;:2,&quot;2&quot;:&quot;La informaci\u00f3n de identificaci\u00f3n personal proporcionada a nuestra empresa est\u00e1 sujeta a divulgaci\u00f3n de conformidad con citaciones, \u00f3rdenes judiciales u otras \u00f3rdenes gubernamentales. Hacemos todos los esfuerzos posibles para preservar la privacidad y el anonimato del usuario; sin embargo, es posible que debamos divulgar informaci\u00f3n personal cuando lo exija la ley cuando dicha acci\u00f3n sea necesaria para cumplir con procedimientos judiciales, \u00f3rdenes judiciales o procesos legales presentados en nuestro sitio web.&quot;}\">La informaci\u00f3n de identificaci\u00f3n personal proporcionada a nuestra empresa est\u00e1 sujeta a divulgaci\u00f3n de conformidad con citaciones, \u00f3rdenes judiciales u otras \u00f3rdenes gubernamentales. Hacemos todos los esfuerzos posibles para preservar la privacidad y el anonimato del usuario; sin embargo, es posible que debamos divulgar informaci\u00f3n personal cuando lo exija la ley cuando dicha acci\u00f3n sea necesaria para cumplir con procedimientos judiciales, \u00f3rdenes judiciales o procesos legales presentados en nuestro sitio web.<\/span><\/p>\n","protected":false},"excerpt":{"rendered":"<p>POL\u00cdTICA DE PRIVACIDAD POL\u00cdTICA DE PRIVACIDAD \u00bfCu\u00e1l es nuestra pol\u00edtica de privacidad? Nuestra pol\u00edtica de privacidad es bastante simple: No usaremos tu direcci\u00f3n de correo electr\u00f3nico ni ninguna otra informaci\u00f3n para ning\u00fan otro prop\u00f3sito m\u00e1s por el cual inicialmente nos lo proporcionaste: enviarte itinerarios, preparar de mejor forma tu tour en bicicleta, y de vez [&hellip;]<\/p>\n","protected":false},"author":1,"featured_media":34351,"parent":0,"menu_order":108,"comment_status":"closed","ping_status":"closed","template":"","meta":{"ct_builder_shortcodes":"","ct_template_type":"","ct_parent_template":0,"_seopress_robots_primary_cat":"","_seopress_titles_title":"Pol\u00edtica de Privacidad","_seopress_titles_desc":"Nuestra pol\u00edtica de privacidad es bastante simple: No usaremos tu direcci\u00f3n de correo electr\u00f3nico ni ninguna otra informaci\u00f3n para ning\u00fan otro prop\u00f3sito m\u00e1s por el cual inicialmente nos lo proporcionaste: enviarte itinerarios, preparar de mejor forma tu tour en bicicleta, y de vez en cuando enviar a nuestros hu\u00e9spedes alguna encuesta de satisfacci\u00f3n. Ocasionalmente, informaremos a nuestros hu\u00e9spedes de productos y actividades especiales.","_seopress_robots_index":"","footnotes":""},"class_list":["post-34188","page","type-page","status-publish","has-post-thumbnail","hentry"],"_links":{"self":[{"href":"https:\/\/biketoursspain.com\/es\/wp-json\/wp\/v2\/pages\/34188","targetHints":{"allow":["GET"]}}],"collection":[{"href":"https:\/\/biketoursspain.com\/es\/wp-json\/wp\/v2\/pages"}],"about":[{"href":"https:\/\/biketoursspain.com\/es\/wp-json\/wp\/v2\/types\/page"}],"author":[{"embeddable":true,"href":"https:\/\/biketoursspain.com\/es\/wp-json\/wp\/v2\/users\/1"}],"replies":[{"embeddable":true,"href":"https:\/\/biketoursspain.com\/es\/wp-json\/wp\/v2\/comments?post=34188"}],"version-history":[{"count":6,"href":"https:\/\/biketoursspain.com\/es\/wp-json\/wp\/v2\/pages\/34188\/revisions"}],"predecessor-version":[{"id":34281,"href":"https:\/\/biketoursspain.com\/es\/wp-json\/wp\/v2\/pages\/34188\/revisions\/34281"}],"wp:featuredmedia":[{"embeddable":true,"href":"https:\/\/biketoursspain.com\/es\/wp-json\/wp\/v2\/media\/34351"}],"wp:attachment":[{"href":"https:\/\/biketoursspain.com\/es\/wp-json\/wp\/v2\/media?parent=34188"}],"curies":[{"name":"wp","href":"https:\/\/api.w.org\/{rel}","templated":true}]}}