{"id":34187,"date":"2020-04-25T11:54:44","date_gmt":"2020-04-25T11:54:44","guid":{"rendered":"https:\/\/biketoursspain.com\/clean-and-safe\/"},"modified":"2022-10-05T16:51:35","modified_gmt":"2022-10-05T16:51:35","slug":"limpio-y-seguro","status":"publish","type":"page","link":"https:\/\/biketoursspain.com\/es\/limpio-y-seguro\/","title":{"rendered":"Limpio y Seguro"},"content":{"rendered":"<h1 style=\"text-align: center;\">Un establecimiento \"limpio y seguro\", certificado por \"Turismo de Portugal\"<\/h1>\n<h2>Nuestra empresa es un establecimiento \"limpio y seguro\", ya que sigue las normas de salud y seguridad establecidas por la oficina nacional de turismo de Portugal \"Turismo de Portugal\", como se indica a continuaci\u00f3n:<\/h2>\n<p>La Organizaci\u00f3n Mundial de la Salud ha declarado al Coronavirus agente causal de la Covid-19 como una emergencia de salud p\u00fablica de alcance internacional. Para evitar riesgos e infecciones asegurando un protocolo interno que define protocolos de prevenci\u00f3n, control y vigilancia, nuestra empresa declara que sigue los protocolos definidos por \"Turismo de Portugal\", de acuerdo con las orientaciones de la Direc\u00e7\u00e3o Geral da Sa\u00fade, que le permiten ser considerado un establecimiento \"Limpio y Seguro\".<\/p>\n<p><img loading=\"lazy\" decoding=\"async\" title=\"Tdp As Print Original 1\" src=\"https:\/\/biketoursspain.com\/wp-content\/uploads\/2020\/04\/TDP_AS_Print_Original-1-300x300.png\" alt=\"clean and safe establishment turismo de Portugal\" width=\"300\" height=\"300\" \/><\/p>\n<h3>Formaci\u00f3n interna y establecimiento de procedimientos a todo el personal:<\/h3>\n<p>Nuestro personal ha sido informado y\/o formado espec\u00edficamente sobre las siguientes materias:<\/p>\n<ul>\n<li>Protocolo interno ante la pandemia del Coronavirus Covid-19.<\/li>\n<li>C\u00f3mo seguir las medidas b\u00e1sicas de precauci\u00f3n y control de infecciones con respecto a los procedimientos de Coronavirus Covid-19 de la siguiente manera:\n<ul>\n<li>Higiene de manos: Lavarse las manos frecuentemente con agua y jab\u00f3n, por al menos 20 segundos o usar desinfectante de manos con alcohol de al menos 70\u00ba, cubriendo todas las superficies de las manos y frot\u00e1ndolas hasta que se sequen.<\/li>\n<li>Etiqueta respiratoria: toser o estornudar en el antebrazo flexionado o usar un pa\u00f1uelo de papel, que debe tirarse inmediatamente a la basura; Higiene de manos despu\u00e9s de toser o estornudar y sonarse la nariz; evitar tocarse los ojos, la nariz y la boca con las manos.<\/li>\n<li>Conducta Social: Cambiar la frecuencia y formas de contacto dentro del personal y entre el personal y los clientes, evitando (siempre que sea posible) cualquier contacto cercano, apretones de manos, besos, espacios de trabajo compartidos, reuniones presenciales y compartir alimentos, utensilios, vasos y toallas.<\/li>\n<\/ul>\n<\/li>\n<\/ul>\n<p>C\u00f3mo realizar un autocontrol diario para evaluar la fiebre (medir la temperatura corporal dos veces al d\u00eda y registrar el valor y el tiempo de los resultados), verificando cualquier tos o dificultad para respirar.<\/p>\n<p>C\u00f3mo seguir las orientaciones de la \"Direc\u00e7\u00e3o Geral da Sa\u00fade\" para la higienizaci\u00f3n de todas las superficies y el lavado de la ropa utilizada en nuestros establecimientos.<\/p>\n<h3>Informaci\u00f3n a todos los clientes:<\/h3>\n<p>Todos los clientes son informados de la siguiente informaci\u00f3n:<\/p>\n<p>C\u00f3mo mantener las precauciones b\u00e1sicas y el control de infecciones con respecto al brote de coronavirus.Cu\u00e1l es el protocolo interno con respecto al brote de Coronavirus Covid-19.<\/p>\n<h3>El establecimiento cuenta con:<\/h3>\n<p>Equipos de protecci\u00f3n individual en n\u00famero suficiente para todo el personal implicado en las actividades.<\/p>\n<p>Equipos de protecci\u00f3n individual para clientes (capacidad m\u00e1xima de los grupos)<\/p>\n<h3>El protocolo de limpieza e higienizaci\u00f3n interna asegura:<\/h3>\n<p>Lavado a alta temperatura de toda la ropa y dem\u00e1s complementos utilizados en las actividades (toallas, material ciclista), para todo el personal y clientes (alrededor de 60\u00baC).<\/p>\n<p>Suministrar higienizaci\u00f3n de manos a base de alcohol, cuando est\u00e9 justificado, a los participantes en todas las actividades.<\/p>\n<p>Higienizaci\u00f3n o desinfecci\u00f3n de todo el equipamiento utilizado, despu\u00e9s de cada actividad, seg\u00fan las normas aplicables a cada tipo de equipamiento.<\/p>\n<p>Higienizaci\u00f3n o desinfecci\u00f3n de todos los transportes utilizados, despu\u00e9s de cada actividad, y seg\u00fan las normas aplicables a cada tipo de material de transporte.<\/p>\n<h3>La organizaci\u00f3n de servicio asegura:<\/h3>\n<p>Mantenimiento del distanciamiento social entre los participantes en todas las actividades, de acuerdo con las recomendaciones de la \"Direc\u00e7\u00e3o Geral da Sa\u00fade\".<\/p>\n<p>M\u00e1xima ocupaci\u00f3n de los transportes utilizados en las actividades, de acuerdo con las recomendaciones de la \"Direc\u00e7\u00e3o Geral da Sa\u00fade\".<\/p>\n<p>La distribuci\u00f3n de informaci\u00f3n sobre las actividades, preferentemente a trav\u00e9s de plataformas digitales\/online.<\/p>\n<p>Siguiendo protocolos internos de higienizaci\u00f3n y seguridad por parte de los socios involucrados en las actividades.<\/p>\n<p>Que siempre haya un miembro responsable del personal listo para implementar los procedimientos en caso de sospecha de infecci\u00f3n (acompa\u00f1ar al cliente con s\u00edntomas al espacio de aislamiento, brindarle la asistencia necesaria y contactar al Servicio Nacional de Salud).<\/p>\n<p>El almacenamiento de todos los residuos producidos por los enfermos que se sospecha que est\u00e1n infectados se almacenan en una bolsa de pl\u00e1stico que, luego de sellada, debe separarse y enviarse a un operador autorizado para el manejo de residuos hospitalarios con riesgo biol\u00f3gico.<\/p>\n","protected":false},"excerpt":{"rendered":"<p>Un establecimiento \"limpio y seguro\", certificado por \"Turismo de Portugal\" Nuestra empresa es un establecimiento \"limpio y seguro\", ya que sigue las normas de salud y seguridad establecidas por la oficina nacional de turismo de Portugal \"Turismo de Portugal\", como se indica a continuaci\u00f3n: La Organizaci\u00f3n Mundial de la Salud ha declarado al Coronavirus agente [&hellip;]<\/p>\n","protected":false},"author":1,"featured_media":34351,"parent":0,"menu_order":96,"comment_status":"closed","ping_status":"closed","template":"","meta":{"ct_builder_shortcodes":"","ct_template_type":"","ct_parent_template":0,"_seopress_robots_primary_cat":"","_seopress_titles_title":"Live Love Ride es un establecimiento Limpio y Seguro","_seopress_titles_desc":"Live Love Ride es un establecimiento &quot;limpio y seguro&quot;, que sigue las normas de salud y seguridad establecidas por la Junta Nacional de Turismo de Portugal","_seopress_robots_index":"","footnotes":""},"class_list":["post-34187","page","type-page","status-publish","has-post-thumbnail","hentry"],"_links":{"self":[{"href":"https:\/\/biketoursspain.com\/es\/wp-json\/wp\/v2\/pages\/34187","targetHints":{"allow":["GET"]}}],"collection":[{"href":"https:\/\/biketoursspain.com\/es\/wp-json\/wp\/v2\/pages"}],"about":[{"href":"https:\/\/biketoursspain.com\/es\/wp-json\/wp\/v2\/types\/page"}],"author":[{"embeddable":true,"href":"https:\/\/biketoursspain.com\/es\/wp-json\/wp\/v2\/users\/1"}],"replies":[{"embeddable":true,"href":"https:\/\/biketoursspain.com\/es\/wp-json\/wp\/v2\/comments?post=34187"}],"version-history":[{"count":3,"href":"https:\/\/biketoursspain.com\/es\/wp-json\/wp\/v2\/pages\/34187\/revisions"}],"predecessor-version":[{"id":34480,"href":"https:\/\/biketoursspain.com\/es\/wp-json\/wp\/v2\/pages\/34187\/revisions\/34480"}],"wp:featuredmedia":[{"embeddable":true,"href":"https:\/\/biketoursspain.com\/es\/wp-json\/wp\/v2\/media\/34351"}],"wp:attachment":[{"href":"https:\/\/biketoursspain.com\/es\/wp-json\/wp\/v2\/media?parent=34187"}],"curies":[{"name":"wp","href":"https:\/\/api.w.org\/{rel}","templated":true}]}}