{"id":34186,"date":"2019-10-16T09:43:26","date_gmt":"2019-10-16T09:43:26","guid":{"rendered":"https:\/\/biketoursspain.com\/partners\/scott-sports\/"},"modified":"2022-10-03T10:21:20","modified_gmt":"2022-10-03T10:21:20","slug":"scott-sports","status":"publish","type":"page","link":"https:\/\/biketoursspain.com\/es\/socios\/scott-sports\/","title":{"rendered":"Scott Sports"},"content":{"rendered":"<h1 style=\"text-align: center;\">SOCIOS<\/h1>\n<p style=\"text-align: center;\">Somos socios orgullosos de las mejores marcas y agencias a nivel mundial.<\/p>\n<h2><span data-sheets-userformat=\"{&quot;2&quot;:513,&quot;3&quot;:{&quot;1&quot;:0},&quot;12&quot;:0}\" data-sheets-value=\"{&quot;1&quot;:2,&quot;2&quot;:&quot;OPERADORES Y AGENCIAS&quot;}\">OPERADORES Y AGENCIAS<\/span><\/h2>\n<ul>\n<li><a href=\"https:\/\/biketoursspain.com\/partners\/go-cycling-portugal-bike-rentals-and-maps\/\" style=\"outline: none;\"><span><span data-sheets-userformat=\"{&quot;2&quot;:513,&quot;3&quot;:{&quot;1&quot;:0},&quot;12&quot;:0}\" data-sheets-value=\"{&quot;1&quot;:2,&quot;2&quot;:&quot;Go Cycling Portugal - Alquiler de bicicletas y GPS con mapas&quot;}\">Go Cycling Portugal - Alquiler de bicicletas y GPS con mapas<\/span><\/span><\/a><\/li>\n<li><a href=\"https:\/\/biketoursspain.com\/partners\/live-love-hike-walking-tours-portugal\/\" style=\"outline: none;\"><span><span data-sheets-userformat=\"{&quot;2&quot;:513,&quot;3&quot;:{&quot;1&quot;:0},&quot;12&quot;:0}\" data-sheets-value=\"{&quot;1&quot;:2,&quot;2&quot;:&quot;Live Love Hike - Tours de caminatas en Portugal&quot;}\">Live Love Hike - Tours de caminatas en Portugal<\/span><\/span><\/a><\/li>\n<li><a href=\"https:\/\/biketoursspain.com\/partners\/adventure-travel-trade-association-atta\/\" style=\"outline: none;\"><span><span data-sheets-userformat=\"{&quot;2&quot;:513,&quot;3&quot;:{&quot;1&quot;:0},&quot;12&quot;:0}\" data-sheets-value=\"{&quot;1&quot;:2,&quot;2&quot;:&quot;Asociaci\u00f3n Comercial de Viajes de Aventura (ATTA)&quot;}\">Asociaci\u00f3n Comercial de Viajes de Aventura (ATTA)<\/span><\/span><\/a><a href=\"https:\/\/biketoursspain.com\/partners\/turismo-de-portugal-programa-valorizar\/\" style=\"outline: none;\"><span><\/span><\/a><\/li>\n<li><a href=\"https:\/\/biketoursspain.com\/partners\/live-love-ride-portugal-bike-tours\/\" target=\"_blank\" style=\"outline: none;\" rel=\"noopener\"><span><span data-sheets-userformat=\"{&quot;2&quot;:513,&quot;3&quot;:{&quot;1&quot;:0},&quot;12&quot;:0}\" data-sheets-value=\"{&quot;1&quot;:2,&quot;2&quot;:&quot;Live Love Ride - Tours de bicicleta en Portugal&quot;}\">Live Love Ride - Tours de bicicleta en Portugal<\/span><\/span><\/a><\/li>\n<\/ul>\n<h2><span data-sheets-userformat=\"{&quot;2&quot;:513,&quot;3&quot;:{&quot;1&quot;:0},&quot;12&quot;:0}\" data-sheets-value=\"{&quot;1&quot;:2,&quot;2&quot;:&quot;PATROCINADORES&quot;}\">PATROCINADORES<\/span><\/h2>\n<ul>\n<li><a href=\"https:\/\/biketoursspain.com\/partners\/scott-sports\/\" target=\"_blank\" rel=\"noopener\">Scott Sports<\/a><\/li>\n<\/ul>\n<h3>SCOTT SPORTS<\/h3>\n<p><span style=\"width: 100%;\"><img loading=\"lazy\" decoding=\"async\" alt=\"0bc3e2858faf04ba2abdb2aac873f4cc003c197e20150217184435[1]\" title=\"0bc3e2858faf04ba2abdb2aac873f4cc003c197e20150217184435[1]\" data-id=\"4415\" src=\"https:\/\/biketoursspain.com\/wp-content\/uploads\/2019\/10\/0bc3e2858faf04ba2abdb2aac873f4cc003c197e201502171844351.jpg\" style=\"\" width=\"900\" height=\"582\"><\/span><\/p>\n<h4><span data-sheets-userformat=\"{&quot;2&quot;:513,&quot;3&quot;:{&quot;1&quot;:0},&quot;12&quot;:0}\" data-sheets-value=\"{&quot;1&quot;:2,&quot;2&quot;:&quot;Estar\u00e1s pedaleando una de las marcas l\u00edder de bicicletas a nivel mundial.&quot;}\">Estar\u00e1s pedaleando una de las marcas l\u00edder de bicicletas a nivel mundial.<\/span><\/h4>\n<p><a href=\"http:\/\/www.scott-sports.com\/\" target=\"_blank\" style=\"outline: none;\" rel=\"noopener\">SCOTT Sports <\/a><span data-sheets-userformat=\"{&quot;2&quot;:513,&quot;3&quot;:{&quot;1&quot;:0},&quot;12&quot;:0}\" data-sheets-value=\"{&quot;1&quot;:2,&quot;2&quot;:&quot;Deportes SCOTT es una marca l\u00edder en el desarrollo, producci\u00f3n, venta y mercadotecnia para productos de ciclismo tope de gama. Inovaci\u00f3n, tecnolog\u00eda y dise\u00f1o, son la esencia de los productos Scott y la visi\u00f3n de sus ingenieros y dise\u00f1adores.&quot;}\">es una marca l\u00edder en el desarrollo, producci\u00f3n, venta y mercadotecnia para productos de ciclismo tope de gama. Inovaci\u00f3n, tecnolog\u00eda y dise\u00f1o, son la esencia de los productos Scott y la visi\u00f3n de sus ingenieros y dise\u00f1adores.<\/span><span data-sheets-userformat=\"{&quot;2&quot;:513,&quot;3&quot;:{&quot;1&quot;:0},&quot;12&quot;:0}\" data-sheets-value=\"{&quot;1&quot;:2,&quot;2&quot;:&quot;Estamos muy orgullosos de ser socios de una de las mejores marcas de ciclismo en el mundo - esto significa que todas las bicicletas que usamos en nuestras experiencias, sin importar el camino, carretera o sendero, es de la marca Scott.&quot;}\">Estamos muy orgullosos de ser socios de una de las mejores marcas de ciclismo en el mundo - esto significa que todas las bicicletas que usamos en nuestras experiencias, sin importar el camino, carretera o sendero, es de la marca Scott.<\/span><span data-sheets-userformat=\"{&quot;2&quot;:513,&quot;3&quot;:{&quot;1&quot;:0},&quot;12&quot;:0}\" data-sheets-value=\"{&quot;1&quot;:2,&quot;2&quot;:&quot;\u00a1Sin pretextos!&quot;}\">\u00a1Sin pretextos!<\/span><\/p>\n","protected":false},"excerpt":{"rendered":"<p>SOCIOS Somos socios orgullosos de las mejores marcas y agencias a nivel mundial. OPERADORES Y AGENCIAS Go Cycling Portugal - Alquiler de bicicletas y GPS con mapas Live Love Hike - Tours de caminatas en Portugal Asociaci\u00f3n Comercial de Viajes de Aventura (ATTA) Live Love Ride - Tours de bicicleta en Portugal PATROCINADORES Scott Sports [&hellip;]<\/p>\n","protected":false},"author":1,"featured_media":34351,"parent":34181,"menu_order":90,"comment_status":"closed","ping_status":"closed","template":"","meta":{"ct_builder_shortcodes":"","ct_template_type":"","ct_parent_template":0,"_seopress_robots_primary_cat":"","_seopress_titles_title":"Scott Sports","_seopress_titles_desc":"Montar\u00e1s una de las marcas de bicicletas l\u00edderes en el mundo.","_seopress_robots_index":"","footnotes":""},"class_list":["post-34186","page","type-page","status-publish","has-post-thumbnail","hentry"],"_links":{"self":[{"href":"https:\/\/biketoursspain.com\/es\/wp-json\/wp\/v2\/pages\/34186","targetHints":{"allow":["GET"]}}],"collection":[{"href":"https:\/\/biketoursspain.com\/es\/wp-json\/wp\/v2\/pages"}],"about":[{"href":"https:\/\/biketoursspain.com\/es\/wp-json\/wp\/v2\/types\/page"}],"author":[{"embeddable":true,"href":"https:\/\/biketoursspain.com\/es\/wp-json\/wp\/v2\/users\/1"}],"replies":[{"embeddable":true,"href":"https:\/\/biketoursspain.com\/es\/wp-json\/wp\/v2\/comments?post=34186"}],"version-history":[{"count":1,"href":"https:\/\/biketoursspain.com\/es\/wp-json\/wp\/v2\/pages\/34186\/revisions"}],"predecessor-version":[{"id":34235,"href":"https:\/\/biketoursspain.com\/es\/wp-json\/wp\/v2\/pages\/34186\/revisions\/34235"}],"up":[{"embeddable":true,"href":"https:\/\/biketoursspain.com\/es\/wp-json\/wp\/v2\/pages\/34181"}],"wp:featuredmedia":[{"embeddable":true,"href":"https:\/\/biketoursspain.com\/es\/wp-json\/wp\/v2\/media\/34351"}],"wp:attachment":[{"href":"https:\/\/biketoursspain.com\/es\/wp-json\/wp\/v2\/media?parent=34186"}],"curies":[{"name":"wp","href":"https:\/\/api.w.org\/{rel}","templated":true}]}}