{"id":34185,"date":"2019-06-24T23:25:29","date_gmt":"2019-06-24T23:25:29","guid":{"rendered":"https:\/\/biketoursspain.com\/partners\/live-love-hike-walking-tours-portugal\/"},"modified":"2022-10-03T10:21:07","modified_gmt":"2022-10-03T10:21:07","slug":"live-love-hike-walking-tours-portugal","status":"publish","type":"page","link":"https:\/\/biketoursspain.com\/es\/socios\/live-love-hike-walking-tours-portugal\/","title":{"rendered":"Live Love Hike - Walking Tours Portugal"},"content":{"rendered":"<h1 style=\"text-align: center;\">SOCIOS<\/h1>\n<p style=\"text-align: center;\">Somos socios orgullosos de las mejores marcas y agencias a nivel mundial.<\/p>\n<h2><span data-sheets-userformat=\"{&quot;2&quot;:513,&quot;3&quot;:{&quot;1&quot;:0},&quot;12&quot;:0}\" data-sheets-value=\"{&quot;1&quot;:2,&quot;2&quot;:&quot;OPERADORES Y AGENCIAS&quot;}\">OPERADORES Y AGENCIAS<\/span><\/h2>\n<ul>\n<li><a href=\"https:\/\/biketoursspain.com\/partners\/go-cycling-portugal-bike-rentals-and-maps\/\" style=\"outline: none;\"><span><span data-sheets-userformat=\"{&quot;2&quot;:513,&quot;3&quot;:{&quot;1&quot;:0},&quot;12&quot;:0}\" data-sheets-value=\"{&quot;1&quot;:2,&quot;2&quot;:&quot;Go Cycling Portugal - Alquiler de bicicletas y GPS con mapas&quot;}\">Go Cycling Portugal - Alquiler de bicicletas y GPS con mapas<\/span><\/span><\/a><\/li>\n<li><a href=\"https:\/\/biketoursspain.com\/partners\/live-love-hike-walking-tours-portugal\/\" style=\"outline: none;\"><span><span data-sheets-userformat=\"{&quot;2&quot;:513,&quot;3&quot;:{&quot;1&quot;:0},&quot;12&quot;:0}\" data-sheets-value=\"{&quot;1&quot;:2,&quot;2&quot;:&quot;Live Love Hike - Tours de caminatas en Portugal&quot;}\">Live Love Hike - Tours de caminatas en Portugal<\/span><\/span><\/a><\/li>\n<li><a href=\"https:\/\/biketoursspain.com\/partners\/adventure-travel-trade-association-atta\/\" style=\"outline: none;\"><span><span data-sheets-userformat=\"{&quot;2&quot;:513,&quot;3&quot;:{&quot;1&quot;:0},&quot;12&quot;:0}\" data-sheets-value=\"{&quot;1&quot;:2,&quot;2&quot;:&quot;Asociaci\u00f3n Comercial de Viajes de Aventura (ATTA)&quot;}\">Asociaci\u00f3n Comercial de Viajes de Aventura (ATTA)<\/span><\/span><\/a><a href=\"https:\/\/biketoursspain.com\/partners\/turismo-de-portugal-programa-valorizar\/\" style=\"outline: none;\"><span><\/span><\/a><\/li>\n<li><a href=\"https:\/\/biketoursspain.com\/partners\/live-love-ride-portugal-bike-tours\/\" target=\"_blank\" style=\"outline: none;\" rel=\"noopener\"><span><span data-sheets-userformat=\"{&quot;2&quot;:513,&quot;3&quot;:{&quot;1&quot;:0},&quot;12&quot;:0}\" data-sheets-value=\"{&quot;1&quot;:2,&quot;2&quot;:&quot;Live Love Ride - Tours de bicicleta en Portugal&quot;}\">Live Love Ride - Tours de bicicleta en Portugal<\/span><\/span><\/a><\/li>\n<\/ul>\n<h2><span data-sheets-userformat=\"{&quot;2&quot;:513,&quot;3&quot;:{&quot;1&quot;:0},&quot;12&quot;:0}\" data-sheets-value=\"{&quot;1&quot;:2,&quot;2&quot;:&quot;PATROCINADORES&quot;}\">PATROCINADORES<\/span><\/h2>\n<ul>\n<li><a href=\"https:\/\/biketoursspain.com\/partners\/scott-sports\/\" target=\"_blank\" rel=\"noopener\">Scott Sports<\/a><\/li>\n<\/ul>\n<h3><span data-sheets-userformat=\"{&quot;2&quot;:513,&quot;3&quot;:{&quot;1&quot;:0},&quot;12&quot;:0}\" data-sheets-value=\"{&quot;1&quot;:2,&quot;2&quot;:&quot;LIVE LOVE HIKE - TOURS DE CAMINATA EN PORTUGAL&quot;}\">LIVE LOVE HIKE - TOURS DE CAMINATA EN PORTUGAL<\/span><\/h3>\n<p><span style=\"width: 100%;\"><img loading=\"lazy\" decoding=\"async\" alt=\"59ee8769bd5441abc52fb15139994bd79e06a32220180222114736[1]\" title=\"59ee8769bd5441abc52fb15139994bd79e06a32220180222114736[1]\" data-id=\"4360\" src=\"https:\/\/biketoursspain.com\/wp-content\/uploads\/2019\/10\/59ee8769bd5441abc52fb15139994bd79e06a322201802221147361.jpg\" style=\"\" width=\"900\" height=\"834\"><\/span><\/p>\n<h4><span data-sheets-userformat=\"{&quot;2&quot;:513,&quot;3&quot;:{&quot;1&quot;:0},&quot;12&quot;:0}\" data-sheets-value=\"{&quot;1&quot;:2,&quot;2&quot;:&quot;Nuestra empresa hermana. especializada en vacaciones a pie, caminatas por senderos o carrera en monta\u00f1a dentro de Portugal&quot;}\">Nuestra empresa hermana. especializada en vacaciones a pie, caminatas por senderos o carrera en monta\u00f1a dentro de Portugal<\/span><\/h4>\n<p><span data-sheets-userformat=\"{&quot;2&quot;:513,&quot;3&quot;:{&quot;1&quot;:0},&quot;12&quot;:0}\" data-sheets-value=\"{&quot;1&quot;:2,&quot;2&quot;:&quot;Operando vacaciones de senderismo en Portugal, el objetivo de Live Love Hike es proporcionar experiencias incre\u00edbles para aquellos que deseen explorar nuestro pa\u00eds por sus caminos y senderos. Acompa\u00f1ados por gu\u00edas locales experimentados, los hu\u00e9spedes conocer\u00e1n la rica cultura y los antecedentes hist\u00f3ricos del pa\u00eds, degustar\u00e1n la gastronom\u00eda y los vinos locales y se relajar\u00e1n en encantadores hoteles y SPA's.&quot;}\">Operando vacaciones de senderismo en Portugal, el objetivo de Live Love Hike es proporcionar experiencias incre\u00edbles para aquellos que deseen explorar nuestro pa\u00eds por sus caminos y senderos. Acompa\u00f1ados por gu\u00edas locales experimentados, los hu\u00e9spedes conocer\u00e1n la rica cultura y los antecedentes hist\u00f3ricos del pa\u00eds, degustar\u00e1n la gastronom\u00eda y los vinos locales y se relajar\u00e1n en encantadores hoteles y SPA's.<\/span><\/p>\n<p>Live Love Hike - <a href=\"https:\/\/walkingtoursportugal.com\/\" target=\"_blank\" style=\"outline: none;\" rel=\"noopener\">Walking Tours Portugal<\/a><span data-sheets-userformat=\"{&quot;2&quot;:513,&quot;3&quot;:{&quot;1&quot;:0},&quot;12&quot;:0}\" data-sheets-value=\"{&quot;1&quot;:2,&quot;2&quot;:&quot;Live Love Hike - Tours de senderismo en Portugal, ofrece experiencias premium, dise\u00f1adas pensando en tu felicidad y siempre estamos buscando los mejores senderos del pa\u00eds para mejorar a\u00fan m\u00e1s tu recorrido. Desde los mejores hoteles, comidas, experiencias de cata de vinos y museos hasta el trato personalizado de sus gu\u00edas y el equipo adecuado para tu experiencia de caminata, ellos dise\u00f1an y gu\u00edan a los hu\u00e9spedes a trav\u00e9s de  experiencias integrales que ofrecen lo mejor de Portugal.&quot;}\">&nbsp;ofrece experiencias premium, dise\u00f1adas pensando en tu felicidad y siempre estamos buscando los mejores senderos del pa\u00eds para mejorar a\u00fan m\u00e1s tu recorrido. Desde los mejores hoteles, comidas, experiencias de cata de vinos y museos hasta el trato personalizado de sus gu\u00edas y el equipo adecuado para tu experiencia de caminata, ellos dise\u00f1an y gu\u00edan a los hu\u00e9spedes a trav\u00e9s de experiencias integrales que ofrecen lo mejor de Portugal.<\/span><\/p>\n","protected":false},"excerpt":{"rendered":"<p>SOCIOS Somos socios orgullosos de las mejores marcas y agencias a nivel mundial. OPERADORES Y AGENCIAS Go Cycling Portugal - Alquiler de bicicletas y GPS con mapas Live Love Hike - Tours de caminatas en Portugal Asociaci\u00f3n Comercial de Viajes de Aventura (ATTA) Live Love Ride - Tours de bicicleta en Portugal PATROCINADORES Scott Sports [&hellip;]<\/p>\n","protected":false},"author":1,"featured_media":34351,"parent":34181,"menu_order":83,"comment_status":"closed","ping_status":"closed","template":"","meta":{"ct_builder_shortcodes":"","ct_template_type":"","ct_parent_template":0,"_seopress_robots_primary_cat":"","_seopress_titles_title":"Live Love Hike - Walking Tours Portugal","_seopress_titles_desc":"Nuestra empresa hermana, especializada en vacaciones de senderismo, senderismo y trail running en Portugal","_seopress_robots_index":"","footnotes":""},"class_list":["post-34185","page","type-page","status-publish","has-post-thumbnail","hentry"],"_links":{"self":[{"href":"https:\/\/biketoursspain.com\/es\/wp-json\/wp\/v2\/pages\/34185","targetHints":{"allow":["GET"]}}],"collection":[{"href":"https:\/\/biketoursspain.com\/es\/wp-json\/wp\/v2\/pages"}],"about":[{"href":"https:\/\/biketoursspain.com\/es\/wp-json\/wp\/v2\/types\/page"}],"author":[{"embeddable":true,"href":"https:\/\/biketoursspain.com\/es\/wp-json\/wp\/v2\/users\/1"}],"replies":[{"embeddable":true,"href":"https:\/\/biketoursspain.com\/es\/wp-json\/wp\/v2\/comments?post=34185"}],"version-history":[{"count":1,"href":"https:\/\/biketoursspain.com\/es\/wp-json\/wp\/v2\/pages\/34185\/revisions"}],"predecessor-version":[{"id":34234,"href":"https:\/\/biketoursspain.com\/es\/wp-json\/wp\/v2\/pages\/34185\/revisions\/34234"}],"up":[{"embeddable":true,"href":"https:\/\/biketoursspain.com\/es\/wp-json\/wp\/v2\/pages\/34181"}],"wp:featuredmedia":[{"embeddable":true,"href":"https:\/\/biketoursspain.com\/es\/wp-json\/wp\/v2\/media\/34351"}],"wp:attachment":[{"href":"https:\/\/biketoursspain.com\/es\/wp-json\/wp\/v2\/media?parent=34185"}],"curies":[{"name":"wp","href":"https:\/\/api.w.org\/{rel}","templated":true}]}}