{"id":34184,"date":"2021-01-25T15:57:18","date_gmt":"2021-01-25T15:57:18","guid":{"rendered":"https:\/\/biketoursspain.com\/partners\/live-love-ride-portugal-bike-tours\/"},"modified":"2022-09-14T16:28:45","modified_gmt":"2022-09-14T16:28:45","slug":"live-love-ride-portugal-bike-tours","status":"publish","type":"page","link":"https:\/\/biketoursspain.com\/es\/socios\/live-love-ride-portugal-bike-tours\/","title":{"rendered":"Live Love Ride - Portugal Bike Tours"},"content":{"rendered":"<h1 style=\"text-align: center;\">SOCIOS<\/h1>\n<p style=\"text-align: center;\">Somos socios orgullosos de las mejores marcas y agencias a nivel mundial.<\/p>\n<h2><span data-sheets-userformat=\"{&quot;2&quot;:513,&quot;3&quot;:{&quot;1&quot;:0},&quot;12&quot;:0}\" data-sheets-value=\"{&quot;1&quot;:2,&quot;2&quot;:&quot;OPERADORES Y AGENCIAS&quot;}\">OPERADORES Y AGENCIAS<\/span><\/h2>\n<ul>\n<li><a href=\"https:\/\/biketoursspain.com\/partners\/go-cycling-portugal-bike-rentals-and-maps\/\" style=\"outline: none;\"><span><span data-sheets-userformat=\"{&quot;2&quot;:513,&quot;3&quot;:{&quot;1&quot;:0},&quot;12&quot;:0}\" data-sheets-value=\"{&quot;1&quot;:2,&quot;2&quot;:&quot;Go Cycling Portugal - Alquiler de bicicletas y GPS con mapas&quot;}\">Go Cycling Portugal - Alquiler de bicicletas y GPS con mapas<\/span><\/span><\/a><\/li>\n<li><a href=\"https:\/\/biketoursspain.com\/partners\/live-love-hike-walking-tours-portugal\/\" style=\"outline: none;\"><span><span data-sheets-userformat=\"{&quot;2&quot;:513,&quot;3&quot;:{&quot;1&quot;:0},&quot;12&quot;:0}\" data-sheets-value=\"{&quot;1&quot;:2,&quot;2&quot;:&quot;Live Love Hike - Tours de caminatas en Portugal&quot;}\">Live Love Hike - Tours de caminatas en Portugal<\/span><\/span><\/a><\/li>\n<li><a href=\"https:\/\/biketoursspain.com\/partners\/adventure-travel-trade-association-atta\/\" style=\"outline: none;\"><span><span data-sheets-userformat=\"{&quot;2&quot;:513,&quot;3&quot;:{&quot;1&quot;:0},&quot;12&quot;:0}\" data-sheets-value=\"{&quot;1&quot;:2,&quot;2&quot;:&quot;Asociaci\u00f3n Comercial de Viajes de Aventura (ATTA)&quot;}\">Asociaci\u00f3n Comercial de Viajes de Aventura (ATTA)<\/span><\/span><\/a><a href=\"https:\/\/biketoursspain.com\/partners\/turismo-de-portugal-programa-valorizar\/\" style=\"outline: none;\"><span><\/span><\/a><\/li>\n<li><a href=\"https:\/\/biketoursspain.com\/partners\/live-love-ride-portugal-bike-tours\/\" target=\"_blank\" style=\"outline: none;\" rel=\"noopener\"><span><span data-sheets-userformat=\"{&quot;2&quot;:513,&quot;3&quot;:{&quot;1&quot;:0},&quot;12&quot;:0}\" data-sheets-value=\"{&quot;1&quot;:2,&quot;2&quot;:&quot;Live Love Ride - Tours de bicicleta en Portugal&quot;}\">Live Love Ride - Tours de bicicleta en Portugal<\/span><\/span><\/a><\/li>\n<\/ul>\n<h2><span data-sheets-userformat=\"{&quot;2&quot;:513,&quot;3&quot;:{&quot;1&quot;:0},&quot;12&quot;:0}\" data-sheets-value=\"{&quot;1&quot;:2,&quot;2&quot;:&quot;PATROCINADORES&quot;}\">PATROCINADORES<\/span><\/h2>\n<ul>\n<li><a href=\"https:\/\/biketoursspain.com\/partners\/scott-sports\/\" target=\"_blank\" rel=\"noopener\">Scott Sports<\/a><\/li>\n<\/ul>\n<h3><span data-sheets-userformat=\"{&quot;2&quot;:513,&quot;3&quot;:{&quot;1&quot;:0},&quot;12&quot;:0}\" data-sheets-value=\"{&quot;1&quot;:2,&quot;2&quot;:&quot;LIVE LOVE RIDE - TOURS DE BICICLETA EN PORTUGAL&quot;}\">LIVE LOVE RIDE - TOURS DE BICICLETA EN PORTUGAL<\/span><\/h3>\n<p><span style=\"width: 100%;\"><img decoding=\"async\" alt=\"Portugal Bike Tours Live Love Ride\" title=\"Portugal Bike Tours Live Love Ride\" data-id=\"3037\" src=\"https:\/\/biketoursspain.com\/wp-content\/uploads\/2018\/08\/llr.png\" style=\"\" width=\"592\" height=\"548\" data-width=\"592\" data-height=\"548\" data-init-width=\"352\" data-init-height=\"352\" loading=\"lazy\"><\/span><\/p>\n<h4><span data-sheets-userformat=\"{&quot;2&quot;:513,&quot;3&quot;:{&quot;1&quot;:0},&quot;12&quot;:0}\" data-sheets-value=\"{&quot;1&quot;:2,&quot;2&quot;:&quot;Live Love Ride es un portal especializado en organizar tours de bicicleta en Portugal&quot;}\">Live Love Ride es un portal especializado en organizar tours de bicicleta en Portugal<\/span><\/h4>\n<p><span data-sheets-userformat=\"{&quot;2&quot;:513,&quot;3&quot;:{&quot;1&quot;:0},&quot;12&quot;:0}\" data-sheets-value=\"{&quot;1&quot;:2,&quot;2&quot;:&quot;En nuestro sitio web especializado en Tours de Bicicleta en Portugal, encontrar\u00e1s toda la informaci\u00f3n necesaria sobre nuestras vacaciones de cicloturismo por los caminos y senderos portugueses. Acompa\u00f1ados por experimentados gu\u00edas ciclistas locales, nuestros hu\u00e9spedes conocer\u00e1n la rica cultura y el trasfondo hist\u00f3rico del pa\u00eds, degustar\u00e1n la gastronom\u00eda y los vinos locales y se relajar\u00e1n en encantadores hoteles y SPA's.&quot;}\">En nuestro sitio web especializado en <\/span><a href=\"http:\/\/portugalbiketours.com\/\" target=\"_blank\" rel=\"noopener\"><span data-sheets-userformat=\"{&quot;2&quot;:513,&quot;3&quot;:{&quot;1&quot;:0},&quot;12&quot;:0}\" data-sheets-value=\"{&quot;1&quot;:2,&quot;2&quot;:&quot;En nuestro sitio web especializado en Tours de Bicicleta en Portugal, encontrar\u00e1s toda la informaci\u00f3n necesaria sobre nuestras vacaciones de cicloturismo por los caminos y senderos portugueses. Acompa\u00f1ados por experimentados gu\u00edas ciclistas locales, nuestros hu\u00e9spedes conocer\u00e1n la rica cultura y el trasfondo hist\u00f3rico del pa\u00eds, degustar\u00e1n la gastronom\u00eda y los vinos locales y se relajar\u00e1n en encantadores hoteles y SPA's.&quot;}\">Tours de Bicicleta en Portugal<\/span><\/a><span data-sheets-userformat=\"{&quot;2&quot;:513,&quot;3&quot;:{&quot;1&quot;:0},&quot;12&quot;:0}\" data-sheets-value=\"{&quot;1&quot;:2,&quot;2&quot;:&quot;En nuestro sitio web especializado en Tours de Bicicleta en Portugal, encontrar\u00e1s toda la informaci\u00f3n necesaria sobre nuestras vacaciones de cicloturismo por los caminos y senderos portugueses. Acompa\u00f1ados por experimentados gu\u00edas ciclistas locales, nuestros hu\u00e9spedes conocer\u00e1n la rica cultura y el trasfondo hist\u00f3rico del pa\u00eds, degustar\u00e1n la gastronom\u00eda y los vinos locales y se relajar\u00e1n en encantadores hoteles y SPA's.&quot;}\">, encontrar\u00e1s toda la informaci\u00f3n necesaria sobre nuestras vacaciones de cicloturismo por los caminos y senderos portugueses. Acompa\u00f1ados por experimentados gu\u00edas ciclistas locales, nuestros hu\u00e9spedes conocer\u00e1n la rica cultura y el trasfondo hist\u00f3rico del pa\u00eds, degustar\u00e1n la gastronom\u00eda y los vinos locales y se relajar\u00e1n en encantadores hoteles y SPA's.<\/span><\/p>\n<p><span data-sheets-hyperlinkruns=\"{&quot;1&quot;:324,&quot;2&quot;:&quot;https:\/\/portugalbiketours.com\/&quot;}\uee10{&quot;1&quot;:353}\" data-sheets-textstyleruns=\"{&quot;1&quot;:0}\uee10{&quot;1&quot;:324,&quot;2&quot;:{&quot;2&quot;:{&quot;1&quot;:2,&quot;2&quot;:1136076},&quot;9&quot;:1}}\" data-sheets-userformat=\"{&quot;2&quot;:1049089,&quot;3&quot;:{&quot;1&quot;:0},&quot;12&quot;:0,&quot;23&quot;:1}\" data-sheets-value=\"{&quot;1&quot;:2,&quot;2&quot;:&quot;En Portugal, operamos tours del norte al sur del pa\u00eds. Ya sea que est\u00e9s buscando una aventura por el Camino de Santiago, andar en bicicleta por el valle del Duero, explorar la regi\u00f3n vin\u00edcola del Alentejo o pasear por las playas solitarias de la costa suroeste, encontrar\u00e1 toda la informaci\u00f3n necesaria en nuestro sitio web https:\/\/portugalbiketours.com&quot;}\">En Portugal, operamos tours del norte al sur del pa\u00eds. Ya sea que est\u00e9s buscando una aventura por el Camino de Santiago, andar en bicicleta por el valle del Duero, explorar la regi\u00f3n vin\u00edcola del Alentejo o pasear por las playas solitarias de la costa suroeste, encontrar\u00e1 toda la informaci\u00f3n necesaria en nuestro sitio web <a href=\"https:\/\/portugalbiketours.com\/\" target=\"_blank\" rel=\"noopener\">https:\/\/portugalbiketours.com<\/a><\/span><a href=\"https:\/\/portugalbiketours.com\" target=\"_blank\" rel=\"noopener\"><\/a><\/p>\n","protected":false},"excerpt":{"rendered":"<p>SOCIOS Somos socios orgullosos de las mejores marcas y agencias a nivel mundial. OPERADORES Y AGENCIAS Go Cycling Portugal - Alquiler de bicicletas y GPS con mapas Live Love Hike - Tours de caminatas en Portugal Asociaci\u00f3n Comercial de Viajes de Aventura (ATTA) Live Love Ride - Tours de bicicleta en Portugal PATROCINADORES Scott Sports [&hellip;]<\/p>\n","protected":false},"author":6,"featured_media":34351,"parent":34181,"menu_order":79,"comment_status":"closed","ping_status":"closed","template":"","meta":{"ct_builder_shortcodes":"","ct_template_type":"","ct_parent_template":0,"_seopress_robots_primary_cat":"","_seopress_titles_title":"Live Love Ride - Portugal Bike Tours","_seopress_titles_desc":"Our origin: Live Love Ride&#039;s Portugal Bike Tours! Visit our dedicated site for cycling holidays in Portugal","_seopress_robots_index":"","footnotes":""},"class_list":["post-34184","page","type-page","status-publish","has-post-thumbnail","hentry"],"_links":{"self":[{"href":"https:\/\/biketoursspain.com\/es\/wp-json\/wp\/v2\/pages\/34184","targetHints":{"allow":["GET"]}}],"collection":[{"href":"https:\/\/biketoursspain.com\/es\/wp-json\/wp\/v2\/pages"}],"about":[{"href":"https:\/\/biketoursspain.com\/es\/wp-json\/wp\/v2\/types\/page"}],"author":[{"embeddable":true,"href":"https:\/\/biketoursspain.com\/es\/wp-json\/wp\/v2\/users\/6"}],"replies":[{"embeddable":true,"href":"https:\/\/biketoursspain.com\/es\/wp-json\/wp\/v2\/comments?post=34184"}],"version-history":[{"count":1,"href":"https:\/\/biketoursspain.com\/es\/wp-json\/wp\/v2\/pages\/34184\/revisions"}],"predecessor-version":[{"id":34233,"href":"https:\/\/biketoursspain.com\/es\/wp-json\/wp\/v2\/pages\/34184\/revisions\/34233"}],"up":[{"embeddable":true,"href":"https:\/\/biketoursspain.com\/es\/wp-json\/wp\/v2\/pages\/34181"}],"wp:featuredmedia":[{"embeddable":true,"href":"https:\/\/biketoursspain.com\/es\/wp-json\/wp\/v2\/media\/34351"}],"wp:attachment":[{"href":"https:\/\/biketoursspain.com\/es\/wp-json\/wp\/v2\/media?parent=34184"}],"curies":[{"name":"wp","href":"https:\/\/api.w.org\/{rel}","templated":true}]}}