{"id":34182,"date":"2019-06-24T23:25:39","date_gmt":"2019-06-24T23:25:39","guid":{"rendered":"https:\/\/biketoursspain.com\/partners\/adventure-travel-trade-association-atta\/"},"modified":"2022-10-03T10:20:37","modified_gmt":"2022-10-03T10:20:37","slug":"adventure-travel-trade-association-atta","status":"publish","type":"page","link":"https:\/\/biketoursspain.com\/es\/socios\/adventure-travel-trade-association-atta\/","title":{"rendered":"Adventure Travel Trade Association (ATTA)"},"content":{"rendered":"<h1 style=\"text-align: center;\">SOCIOS<\/h1>\n<p style=\"text-align: center;\">Somos socios orgullosos de las mejores marcas y agencias a nivel mundial.<\/p>\n<h2><span data-sheets-userformat=\"{&quot;2&quot;:513,&quot;3&quot;:{&quot;1&quot;:0},&quot;12&quot;:0}\" data-sheets-value=\"{&quot;1&quot;:2,&quot;2&quot;:&quot;OPERADORES Y AGENCIAS&quot;}\">OPERADORES Y AGENCIAS<\/span><\/h2>\n<ul>\n<li><a href=\"https:\/\/biketoursspain.com\/partners\/go-cycling-portugal-bike-rentals-and-maps\/\" style=\"outline: none;\"><span><span data-sheets-userformat=\"{&quot;2&quot;:513,&quot;3&quot;:{&quot;1&quot;:0},&quot;12&quot;:0}\" data-sheets-value=\"{&quot;1&quot;:2,&quot;2&quot;:&quot;Go Cycling Portugal - Alquiler de bicicletas y GPS con mapas&quot;}\">Go Cycling Portugal - Alquiler de bicicletas y GPS con mapas<\/span><\/span><\/a><\/li>\n<li><a href=\"https:\/\/biketoursspain.com\/partners\/live-love-hike-walking-tours-portugal\/\" style=\"outline: none;\"><span><span data-sheets-userformat=\"{&quot;2&quot;:513,&quot;3&quot;:{&quot;1&quot;:0},&quot;12&quot;:0}\" data-sheets-value=\"{&quot;1&quot;:2,&quot;2&quot;:&quot;Live Love Hike - Tours de caminatas en Portugal&quot;}\">Live Love Hike - Tours de caminatas en Portugal<\/span><\/span><\/a><\/li>\n<li><a href=\"https:\/\/biketoursspain.com\/partners\/adventure-travel-trade-association-atta\/\" style=\"outline: none;\"><span><span data-sheets-userformat=\"{&quot;2&quot;:513,&quot;3&quot;:{&quot;1&quot;:0},&quot;12&quot;:0}\" data-sheets-value=\"{&quot;1&quot;:2,&quot;2&quot;:&quot;Asociaci\u00f3n Comercial de Viajes de Aventura (ATTA)&quot;}\">Asociaci\u00f3n Comercial de Viajes de Aventura (ATTA)<\/span><\/span><\/a><a href=\"https:\/\/biketoursspain.com\/partners\/turismo-de-portugal-programa-valorizar\/\" style=\"outline: none;\"><span><\/span><\/a><\/li>\n<li><a href=\"https:\/\/biketoursspain.com\/partners\/live-love-ride-portugal-bike-tours\/\" target=\"_blank\" style=\"outline: none;\" rel=\"noopener\"><span><span data-sheets-userformat=\"{&quot;2&quot;:513,&quot;3&quot;:{&quot;1&quot;:0},&quot;12&quot;:0}\" data-sheets-value=\"{&quot;1&quot;:2,&quot;2&quot;:&quot;Live Love Ride - Tours de bicicleta en Portugal&quot;}\">Live Love Ride - Tours de bicicleta en Portugal<\/span><\/span><\/a><\/li>\n<\/ul>\n<h2><span data-sheets-userformat=\"{&quot;2&quot;:513,&quot;3&quot;:{&quot;1&quot;:0},&quot;12&quot;:0}\" data-sheets-value=\"{&quot;1&quot;:2,&quot;2&quot;:&quot;PATROCINADORES&quot;}\">PATROCINADORES<\/span><\/h2>\n<ul>\n<li><a href=\"https:\/\/biketoursspain.com\/partners\/scott-sports\/\" target=\"_blank\" rel=\"noopener\">Scott Sports<\/a><\/li>\n<\/ul>\n<h3>ASOCIACI\u00d3N COMERCIAL DE VIAJES DE AVENTURA (ATTA)<\/h3>\n<p><span style=\"width: 100%;\"><img loading=\"lazy\" decoding=\"async\" alt=\"9db7a28488bf9fe2c3835c0603476c30f1ef7d8220150119134628[1]\" title=\"9db7a28488bf9fe2c3835c0603476c30f1ef7d8220150119134628[1]\" data-id=\"4381\" src=\"https:\/\/biketoursspain.com\/wp-content\/uploads\/2019\/10\/9db7a28488bf9fe2c3835c0603476c30f1ef7d82201501191346281.jpg\" style=\"\" width=\"900\" height=\"437\"><\/span><\/p>\n<h4>LIVE LOVE RIDE ES UN ORGULLOSO MIEMBRO DE LA ASOCIACI\u00d3N COMERCIAL DE VIAJES DE AVENTURA<\/h4>\n<p><a href=\"http:\/\/www.adventuretravel.biz\/\" target=\"_blank\" style=\"outline: none;\" rel=\"noopener\">\u200b<\/a>Los miembros <a href=\"http:\/\/www.adventuretravel.biz\/\" target=\"_blank\" style=\"outline: none;\" rel=\"noopener\">ATTA<\/a> representan una comunidad pr\u00f3spera de m\u00e1s de 1000 empresas, destinos y medios de comunicaci\u00f3n, responsables y rentables para transformar clientes y empresas por igual en defensores de la sustentabilidad y la justicia a nivel mundial. Nuestros miembros, los cuales abarcan seis continentes y m\u00e1s de 60 pa\u00edses, incluyen operadores tur\u00edsticos, organizaciones promotoras de destinos, juntas de turismo, agencias de viajes especializados, gu\u00edas, alojamientos, medios de comunicaci\u00f3n y proveedores de servicios.<\/p>\n","protected":false},"excerpt":{"rendered":"<p>SOCIOS Somos socios orgullosos de las mejores marcas y agencias a nivel mundial. OPERADORES Y AGENCIAS Go Cycling Portugal - Alquiler de bicicletas y GPS con mapas Live Love Hike - Tours de caminatas en Portugal Asociaci\u00f3n Comercial de Viajes de Aventura (ATTA) Live Love Ride - Tours de bicicleta en Portugal PATROCINADORES Scott Sports [&hellip;]<\/p>\n","protected":false},"author":1,"featured_media":34351,"parent":34181,"menu_order":67,"comment_status":"closed","ping_status":"closed","template":"","meta":{"ct_builder_shortcodes":"","ct_template_type":"","ct_parent_template":0,"_seopress_robots_primary_cat":"","_seopress_titles_title":"Adventure Travel Trade Association (ATTA)","_seopress_titles_desc":"Live Love Ride es un orgulloso miembro de la Asociaci\u00f3n Comercial de Viajes de Aventura","_seopress_robots_index":"","footnotes":""},"class_list":["post-34182","page","type-page","status-publish","has-post-thumbnail","hentry"],"_links":{"self":[{"href":"https:\/\/biketoursspain.com\/es\/wp-json\/wp\/v2\/pages\/34182","targetHints":{"allow":["GET"]}}],"collection":[{"href":"https:\/\/biketoursspain.com\/es\/wp-json\/wp\/v2\/pages"}],"about":[{"href":"https:\/\/biketoursspain.com\/es\/wp-json\/wp\/v2\/types\/page"}],"author":[{"embeddable":true,"href":"https:\/\/biketoursspain.com\/es\/wp-json\/wp\/v2\/users\/1"}],"replies":[{"embeddable":true,"href":"https:\/\/biketoursspain.com\/es\/wp-json\/wp\/v2\/comments?post=34182"}],"version-history":[{"count":1,"href":"https:\/\/biketoursspain.com\/es\/wp-json\/wp\/v2\/pages\/34182\/revisions"}],"predecessor-version":[{"id":34231,"href":"https:\/\/biketoursspain.com\/es\/wp-json\/wp\/v2\/pages\/34182\/revisions\/34231"}],"up":[{"embeddable":true,"href":"https:\/\/biketoursspain.com\/es\/wp-json\/wp\/v2\/pages\/34181"}],"wp:featuredmedia":[{"embeddable":true,"href":"https:\/\/biketoursspain.com\/es\/wp-json\/wp\/v2\/media\/34351"}],"wp:attachment":[{"href":"https:\/\/biketoursspain.com\/es\/wp-json\/wp\/v2\/media?parent=34182"}],"curies":[{"name":"wp","href":"https:\/\/api.w.org\/{rel}","templated":true}]}}