{"id":34180,"date":"2019-03-10T11:54:40","date_gmt":"2019-03-10T11:54:40","guid":{"rendered":"https:\/\/biketoursspain.com\/odr\/"},"modified":"2022-10-03T10:19:56","modified_gmt":"2022-10-03T10:19:56","slug":"odr","status":"publish","type":"page","link":"https:\/\/biketoursspain.com\/es\/odr\/","title":{"rendered":"ODR"},"content":{"rendered":"<h1 style=\"text-align: center;\"><span data-sheets-userformat=\"{&quot;2&quot;:513,&quot;3&quot;:{&quot;1&quot;:0},&quot;12&quot;:0}\" data-sheets-value=\"{&quot;1&quot;:2,&quot;2&quot;:&quot;RLL&quot;}\">RLL<\/span><\/h1>\n<p style=\"text-align: center;\">\u200b<a href=\"http:\/\/www.centrodearbitragemdecoimbra.com\/\" target=\"_blank\" style=\"outline: none;\" rel=\"noopener\">http:\/\/www.centrodearbitragemdecoimbra.com\/<\/a>\u200b\u200b\u200b<\/p>\n<p style=\"text-align: center;\"><span data-sheets-userformat=\"{&quot;2&quot;:513,&quot;3&quot;:{&quot;1&quot;:0},&quot;12&quot;:0}\" data-sheets-value=\"{&quot;1&quot;:2,&quot;2&quot;:&quot;Resoluci\u00f3n de Litigios en L\u00ednea&quot;}\">Resoluci\u00f3n de Litigios en L\u00ednea<\/span><\/p>\n<p style=\"text-align: center;\"><span data-sheets-userformat=\"{&quot;2&quot;:513,&quot;3&quot;:{&quot;1&quot;:0},&quot;12&quot;:0}\" data-sheets-value=\"{&quot;1&quot;:2,&quot;2&quot;:&quot;De acuerdo a la ley n\u00b0 144\/2015 del 08 de Septiembre, abajo se muestra la lista de los distintos centros para la Resoluci\u00f3n de Litigios en L\u00ednea (Entidades de Resoluci\u00f3n Alternativa de Litigios de Consumo) que tu podr\u00edas contactar en caso de cualquier conflicto en el momento de comprar cualquier producto o servicio en este sitio web:&quot;}\">De acuerdo a la ley n\u00b0 144\/2015 del 08 de Septiembre, abajo se muestra la lista de los distintos centros para la Resoluci\u00f3n de Litigios en L\u00ednea (Entidades de Resoluci\u00f3n Alternativa de Litigios de Consumo) que tu podr\u00edas contactar en caso de cualquier conflicto en el momento de comprar cualquier producto o servicio en este sitio web:<\/span><\/p>\n<h2><span data-sheets-userformat=\"{&quot;2&quot;:513,&quot;3&quot;:{&quot;1&quot;:0},&quot;12&quot;:0}\" data-sheets-value=\"{&quot;1&quot;:2,&quot;2&quot;:&quot;RLL&quot;}\">RLL<\/span><\/h2>\n<h3><span data-sheets-userformat=\"{&quot;2&quot;:513,&quot;3&quot;:{&quot;1&quot;:0},&quot;12&quot;:0}\" data-sheets-value=\"{&quot;1&quot;:2,&quot;2&quot;:&quot;Resoluci\u00f3n de Litigios en L\u00ednea&quot;}\">Resoluci\u00f3n de Litigios en L\u00ednea<\/span><\/h3>\n<p><strong><span data-sheets-userformat=\"{&quot;2&quot;:513,&quot;3&quot;:{&quot;1&quot;:0},&quot;12&quot;:0}\" data-sheets-value=\"{&quot;1&quot;:2,&quot;2&quot;:&quot;De acuerdo a la ley n\u00b0 144\/2015 del 08 de Septiembre, abajo se muestra la lista de los distintos centros para la Resoluci\u00f3n de Litigios en L\u00ednea (Entidades de Resoluci\u00f3n Alternativa de Litigios de Consumo) que tu podr\u00edas contactar en caso de cualquier conflicto en el momento de comprar cualquier producto o servicio en este sitio web:&quot;}\">De acuerdo a la ley n\u00b0 144\/2015 del 08 de Septiembre, abajo se muestra la lista de los distintos centros para la Resoluci\u00f3n de Litigios en L\u00ednea (Entidades de Resoluci\u00f3n Alternativa de Litigios de Consumo) que tu podr\u00edas contactar en caso de cualquier conflicto en el momento de comprar cualquier producto o servicio en este sitio web:<\/span><\/strong><\/p>\n<ul>\n<li>Centro Nacional de Informa\u00e7\u00e3o e Arbitragem de Conflitos de Consumo (CNIACC)Universidade Nova de Lisboa - Faculdade de DireitoCampus de Campolide1099-032 Lisboa<a href=\"http:\/\/www.arbitragemdeconsumo.org\/\" target=\"_blank\" rel=\"noopener\">\u200b<\/a><\/li>\n<li>Centro de Arbitragem de Conflitos de Consumo de Lisboa (CACCL)Rua dos Douradores, n.\u00ba 116, 2.\u00ba andar1100-207 Lisboa<a href=\"http:\/\/www.centroarbitragemlisboa.pt\/\" target=\"_blank\" rel=\"noopener\">www.centroarbitragemlisboa.pt<\/a><a href=\"http:\/\/www.centroarbitragemlisboa.pt\/\" target=\"_blank\" rel=\"noopener\">&nbsp;<\/a><\/li>\n<li>Centro de Arbitragem de Conflitos de Consumo do Distrito de Coimbra (CACCDC)Av. Fern\u00e3o Magalh\u00e3es, n.\u00ba 240, 1.\u00ba andar3000-172 Coimbra<a href=\"http:\/\/www.centrodearbitragemdecoimbra.com\/\" target=\"_blank\" rel=\"noopener\">www.centrodearbitragemdecoimbra.com<\/a>&nbsp;<\/li>\n<li>Centro de Arbitragem de Conflitos de Consumo da Madeira (CACCRAM)Rua Direita, n.\u00ba 27, 1.\u00ba andar 9050-405 Funchal<a href=\"http:\/\/www.srrh.gov-madeira.pt\/In%C3%ADcio\/tabid\/292\/Default.aspx\" target=\"_blank\" rel=\"noopener\">\u200b<\/a><\/li>\n<li>Centro de Arbitragem de Conflitos de Consumo do Vale do Ave\/Tribunal Arbitral (CACCVA)Rua Capit\u00e3o Alfredo Guimar\u00e3es, n.\u00ba 1 4800-019 Guimar\u00e3es<a href=\"http:\/\/www.triave.pt\/\" target=\"_blank\" rel=\"noopener\">www.triave.pt<\/a><\/li>\n<li>Centro de Informa\u00e7\u00e3o, Media\u00e7\u00e3o e Arbitragem de Consumo (Tribunal Arbitral de Consumo) (CIAB)Rua D. Afonso Henriques, n.\u00ba 1 (Ed. Junta de Freguesia da S\u00e9)4700-030 BragaAv. Rocha Paris, n.\u00ba 103 (Edif\u00edcio Vila Rosa)4900-394 Viana do Castelo<a href=\"http:\/\/www.ciab.pt\/\" target=\"_blank\" style=\"outline: none;\" rel=\"noopener\">www.ciab.pt<\/a><\/li>\n<li>Centro de Informa\u00e7\u00e3o, Media\u00e7\u00e3o e Arbitragem de Conflitos de Consumo do Algarve (CIMAAL)Edif\u00edcio Ninho de EmpresasEstrada da Penha8005-131 Faro<a href=\"http:\/\/www.consumidoronline.pt\/\" target=\"_blank\" style=\"outline: none;\" rel=\"noopener\">www.consumidoronline.pt<\/a><\/li>\n<li>Centro de Informa\u00e7\u00e3o de Consumo e Arbitragem do Porto (CICAP)Rua Dami\u00e3o de G\u00f3is, n.\u00ba 31, Loja 64050-225 Porto<a href=\"http:\/\/www.cicap.pt\/\" target=\"_blank\" style=\"outline: none;\" rel=\"noopener\">www.cicap.pt<\/a><\/li>\n<li>Puedes consultar m\u00e1s informaci\u00f3n y otras entidades en el <a href=\"http:\/\/www.consumidor.pt\/\" target=\"_blank\" rel=\"noopener\">Portal del Consumidor<\/a><\/li>\n<\/ul>\n<h3><span data-sheets-userformat=\"{&quot;2&quot;:513,&quot;3&quot;:{&quot;1&quot;:0},&quot;12&quot;:0}\" data-sheets-value=\"{&quot;1&quot;:2,&quot;2&quot;:&quot;Resoluci\u00f3n de Litigios en L\u00ednea&quot;}\">Resoluci\u00f3n de Litigios en L\u00ednea<\/span><\/h3>\n<p><span data-sheets-userformat=\"{&quot;2&quot;:513,&quot;3&quot;:{&quot;1&quot;:0},&quot;12&quot;:0}\" data-sheets-value=\"{&quot;1&quot;:2,&quot;2&quot;:&quot;La Regulaci\u00f3n Europea 524\/2013 ha creado una plataforma electr\u00f3nica para la Resoluci\u00f3n de Litigios en L\u00ednea (RLL). La plataforma en l\u00ednea de RLL tiene jurisdicci\u00f3n para la resoluci\u00f3n de disputas relacionadas con obligaciones contractuales derivadas de contratos de venta o servicios en l\u00ednea. Se puede acceder a la Plataforma RLL en la siguiente direcci\u00f3n: https:\/\/webgate.ec.europa.eu\/odr\/&quot;}\">La Regulaci\u00f3n Europea 524\/2013 ha creado una plataforma electr\u00f3nica para la Resoluci\u00f3n de Litigios en L\u00ednea (RLL). La plataforma en l\u00ednea de RLL tiene jurisdicci\u00f3n para la resoluci\u00f3n de disputas relacionadas con obligaciones contractuales derivadas de contratos de venta o servicios en l\u00ednea. Se puede acceder a la Plataforma RLL en la siguiente direcci\u00f3n:<\/span> <a href=\"https:\/\/webgate.ec.europa.eu\/odr\/\" target=\"_blank\" style=\"outline: none;\" rel=\"noopener\">https:\/\/webgate.ec.europa.eu\/odr\/<\/a><\/p>\n","protected":false},"excerpt":{"rendered":"<p>RLL \u200bhttp:\/\/www.centrodearbitragemdecoimbra.com\/\u200b\u200b\u200b Resoluci\u00f3n de Litigios en L\u00ednea De acuerdo a la ley n\u00b0 144\/2015 del 08 de Septiembre, abajo se muestra la lista de los distintos centros para la Resoluci\u00f3n de Litigios en L\u00ednea (Entidades de Resoluci\u00f3n Alternativa de Litigios de Consumo) que tu podr\u00edas contactar en caso de cualquier conflicto en el momento de [&hellip;]<\/p>\n","protected":false},"author":1,"featured_media":38147,"parent":0,"menu_order":59,"comment_status":"closed","ping_status":"closed","template":"","meta":{"ct_builder_shortcodes":"","ct_template_type":"","ct_parent_template":0,"_seopress_robots_primary_cat":"","_seopress_titles_title":"RLL","_seopress_titles_desc":"De acuerdo a la ley n\u00b0 144\/2015 del 08 de Septiembre, abajo se muestra la lista de los distintos centros para la Resoluci\u00f3n de Litigios en L\u00ednea (Entidades de Resoluci\u00f3n Alternativa de Litigios de Consumo) que tu podr\u00edas contactar en caso de cualquier conflicto en el momento de comprar cualquier producto o servicio en este sitio web.","_seopress_robots_index":"","footnotes":""},"class_list":["post-34180","page","type-page","status-publish","has-post-thumbnail","hentry"],"_links":{"self":[{"href":"https:\/\/biketoursspain.com\/es\/wp-json\/wp\/v2\/pages\/34180","targetHints":{"allow":["GET"]}}],"collection":[{"href":"https:\/\/biketoursspain.com\/es\/wp-json\/wp\/v2\/pages"}],"about":[{"href":"https:\/\/biketoursspain.com\/es\/wp-json\/wp\/v2\/types\/page"}],"author":[{"embeddable":true,"href":"https:\/\/biketoursspain.com\/es\/wp-json\/wp\/v2\/users\/1"}],"replies":[{"embeddable":true,"href":"https:\/\/biketoursspain.com\/es\/wp-json\/wp\/v2\/comments?post=34180"}],"version-history":[{"count":1,"href":"https:\/\/biketoursspain.com\/es\/wp-json\/wp\/v2\/pages\/34180\/revisions"}],"predecessor-version":[{"id":34262,"href":"https:\/\/biketoursspain.com\/es\/wp-json\/wp\/v2\/pages\/34180\/revisions\/34262"}],"wp:featuredmedia":[{"embeddable":true,"href":"https:\/\/biketoursspain.com\/es\/wp-json\/wp\/v2\/media\/38147"}],"wp:attachment":[{"href":"https:\/\/biketoursspain.com\/es\/wp-json\/wp\/v2\/media?parent=34180"}],"curies":[{"name":"wp","href":"https:\/\/api.w.org\/{rel}","templated":true}]}}