{"id":34179,"date":"2020-12-12T07:20:57","date_gmt":"2020-12-12T07:20:57","guid":{"rendered":"https:\/\/biketoursspain.com\/cancellation-policy\/"},"modified":"2024-01-04T17:13:22","modified_gmt":"2024-01-04T16:13:22","slug":"politica-de-cancelacion","status":"publish","type":"page","link":"https:\/\/biketoursspain.com\/es\/politica-de-cancelacion\/","title":{"rendered":"Pol\u00edtica de Cancelaci\u00f3n"},"content":{"rendered":"<h1 style=\"text-align: center;\"><span data-sheets-userformat=\"{&quot;2&quot;:513,&quot;3&quot;:{&quot;1&quot;:0},&quot;12&quot;:0}\" data-sheets-value=\"{&quot;1&quot;:2,&quot;2&quot;:&quot;POL\u00cdTICA DE CANCELACI\u00d3N&quot;}\">POL\u00cdTICA DE CANCELACI\u00d3N<\/span><\/h1>\n<p style=\"text-align: center;\"><span data-sheets-userformat=\"{&quot;2&quot;:513,&quot;3&quot;:{&quot;1&quot;:0},&quot;12&quot;:0}\" data-sheets-value=\"{&quot;1&quot;:2,&quot;2&quot;:&quot;Reserva con confianza&quot;}\">Reserva con confianza<\/span><\/p>\n<p><span data-sheets-userformat=\"{&quot;2&quot;:513,&quot;3&quot;:{&quot;1&quot;:0},&quot;12&quot;:0}\" data-sheets-value=\"{&quot;1&quot;:2,&quot;2&quot;:&quot;Nuestra pol\u00edtica de cancelaci\u00f3n hace que sea lo m\u00e1s sencillo posible que cambies tu tour de bicicleta a diferentes fechas o destinos. A\u00fan en tiempos inciertos, puedes confiar en que te proporcionaremos flexibilidad para que puedas reservar tu tour con confianza. El dep\u00f3sito de tu viaje es completamente transferible hasta 30 d\u00edas antes del inicio de tu tour, y \u00e9ste no expirar\u00e1. Abajo encontrar\u00e1s todas las opciones, ya sea que quieras un reembolso u obtener cr\u00e9dito para un futuro viaje basado en tu fecha de cancelaci\u00f3n. Si tienes alguna duda, s\u00f3lo tienes que contactarnos.&quot;}\">Nuestra pol\u00edtica de cancelaci\u00f3n hace que sea lo m\u00e1s sencillo posible que cambies tu tour de bicicleta a diferentes fechas o destinos. A\u00fan en tiempos inciertos, puedes confiar en que te proporcionaremos flexibilidad para que puedas reservar tu tour con confianza. El dep\u00f3sito de tu viaje es completamente transferible hasta 30 d\u00edas antes del inicio de tu tour, y \u00e9ste no expirar\u00e1. Abajo encontrar\u00e1s todas las opciones, ya sea que quieras un reembolso u obtener cr\u00e9dito para un futuro viaje basado en tu fecha de cancelaci\u00f3n. Si tienes alguna duda, s\u00f3lo tienes que <\/span><a href=\"https:\/\/biketoursspain.com\/es\/contacto\/\" target=\"_blank\" style=\"outline: none;\" rel=\"noopener\"><span data-sheets-userformat=\"{&quot;2&quot;:513,&quot;3&quot;:{&quot;1&quot;:0},&quot;12&quot;:0}\" data-sheets-value=\"{&quot;1&quot;:2,&quot;2&quot;:&quot;Nuestra pol\u00edtica de cancelaci\u00f3n hace que sea lo m\u00e1s sencillo posible que cambies tu tour de bicicleta a diferentes fechas o destinos. A\u00fan en tiempos inciertos, puedes confiar en que te proporcionaremos flexibilidad para que puedas reservar tu tour con confianza. El dep\u00f3sito de tu viaje es completamente transferible hasta 30 d\u00edas antes del inicio de tu tour, y \u00e9ste no expirar\u00e1. Abajo encontrar\u00e1s todas las opciones, ya sea que quieras un reembolso u obtener cr\u00e9dito para un futuro viaje basado en tu fecha de cancelaci\u00f3n. Si tienes alguna duda, s\u00f3lo tienes que contactarnos.&quot;}\" style=\"text-decoration: underline;\">contactarnos<\/span><\/a><span data-sheets-userformat=\"{&quot;2&quot;:513,&quot;3&quot;:{&quot;1&quot;:0},&quot;12&quot;:0}\" data-sheets-value=\"{&quot;1&quot;:2,&quot;2&quot;:&quot;Nuestra pol\u00edtica de cancelaci\u00f3n hace que sea lo m\u00e1s sencillo posible que cambies tu tour de bicicleta a diferentes fechas o destinos. A\u00fan en tiempos inciertos, puedes confiar en que te proporcionaremos flexibilidad para que puedas reservar tu tour con confianza. El dep\u00f3sito de tu viaje es completamente transferible hasta 30 d\u00edas antes del inicio de tu tour, y \u00e9ste no expirar\u00e1. Abajo encontrar\u00e1s todas las opciones, ya sea que quieras un reembolso u obtener cr\u00e9dito para un futuro viaje basado en tu fecha de cancelaci\u00f3n. Si tienes alguna duda, s\u00f3lo tienes que contactarnos.&quot;}\">.<\/span><\/p>\n<p><strong><span data-sheets-userformat=\"{&quot;2&quot;:513,&quot;3&quot;:{&quot;1&quot;:0},&quot;12&quot;:0}\" data-sheets-value=\"{&quot;1&quot;:2,&quot;2&quot;:&quot;POL\u00cdTICA DE CANCELACI\u00d3N EST\u00c1NDAR 2021&quot;}\">POL\u00cdTICA DE CANCELACI\u00d3N EST\u00c1NDAR 2021<\/span><\/strong><span data-sheets-userformat=\"{&quot;2&quot;:513,&quot;3&quot;:{&quot;1&quot;:0},&quot;12&quot;:0}\" data-sheets-value=\"{&quot;1&quot;:2,&quot;2&quot;:&quot;(Aplica para todos los tours est\u00e1ndar guiados, autoguiados, o premium con fechas iniciales de reserva a partir del 1\u00b0 de Noviembre del 2020):&quot;}\">(Aplica para todos los tours est\u00e1ndar guiados, autoguiados, o premium con fechas iniciales de reserva a partir del 1\u00b0 de Noviembre del 2020):<\/span><\/p>\n<p style=\"text-align: center;\">Cancelaci\u00f3nOpci\u00f3n (Reembolso)<\/p>\n<p style=\"text-align: center;\">PosponerOpci\u00f3n<\/p>\n<p style=\"text-align: center;\">N\u00famero de d\u00edas antes de la fecha de inicio:<\/p>\n<p style=\"text-align: center;\"><span data-sheets-userformat=\"{&quot;2&quot;:513,&quot;3&quot;:{&quot;1&quot;:0},&quot;12&quot;:0}\" data-sheets-value=\"{&quot;1&quot;:2,&quot;2&quot;:&quot;M\u00e1s de 120 d\u00edas&quot;}\">M\u00e1s de 120 d\u00edas<\/span><\/p>\n<p style=\"text-align: center;\"><span data-sheets-userformat=\"{&quot;2&quot;:513,&quot;3&quot;:{&quot;1&quot;:0},&quot;12&quot;:0}\" data-sheets-value=\"{&quot;1&quot;:2,&quot;2&quot;:&quot;120-91 D\u00edas&quot;}\">120-91 D\u00edas<\/span><\/p>\n<p style=\"text-align: center;\"><span data-sheets-userformat=\"{&quot;2&quot;:513,&quot;3&quot;:{&quot;1&quot;:0},&quot;12&quot;:0}\" data-sheets-value=\"{&quot;1&quot;:2,&quot;2&quot;:&quot;90-31 D\u00edas&quot;}\">90-31 D\u00edas<\/span><\/p>\n<p style=\"text-align: center;\"><span data-sheets-userformat=\"{&quot;2&quot;:513,&quot;3&quot;:{&quot;1&quot;:0},&quot;12&quot;:0}\" data-sheets-value=\"{&quot;1&quot;:2,&quot;2&quot;:&quot;30 D\u00edas o menos&quot;}\">30 D\u00edas o menos<\/span><\/p>\n<p style=\"text-align: center;\"><span data-sheets-userformat=\"{&quot;2&quot;:513,&quot;3&quot;:{&quot;1&quot;:0},&quot;12&quot;:0}\" data-sheets-value=\"{&quot;1&quot;:2,&quot;2&quot;:&quot;Tarifa de cancelaci\u00f3n&quot;}\">Tarifa de cancelaci\u00f3n<\/span><\/p>\n<p style=\"text-align: center;\"><span data-sheets-userformat=\"{&quot;2&quot;:513,&quot;3&quot;:{&quot;1&quot;:0},&quot;12&quot;:0}\" data-sheets-value=\"{&quot;1&quot;:2,&quot;2&quot;:&quot;Sin tarifa de cancelaci\u00f3n. Reembolso completo.&quot;}\">Sin tarifa de cancelaci\u00f3n. Reembolso completo.<\/span><\/p>\n<p style=\"text-align: center;\">Tarifa de cancelaci\u00f3n del 40% de tu dep\u00f3sito.Valor restante reembolsado.<\/p>\n<p style=\"text-align: center;\">Tarifa de cancelaci\u00f3n del 60% de tu dep\u00f3sito.Valor restante reembolsado.<\/p>\n<p style=\"text-align: center;\">Tarifa de cancelaci\u00f3n del 100% del precio del tour.Sin reembolsos.<\/p>\n<p style=\"text-align: center;\"><span data-sheets-userformat=\"{&quot;2&quot;:513,&quot;3&quot;:{&quot;1&quot;:0},&quot;12&quot;:0}\" data-sheets-value=\"{&quot;1&quot;:2,&quot;2&quot;:&quot;Cr\u00e9dito para futuros viajes.&quot;}\">Cr\u00e9dito para futuros viajes.<\/span><\/p>\n<p style=\"text-align: center;\"><span data-sheets-userformat=\"{&quot;2&quot;:513,&quot;3&quot;:{&quot;1&quot;:0},&quot;12&quot;:0}\" data-sheets-value=\"{&quot;1&quot;:2,&quot;2&quot;:&quot;100% del dep\u00f3sito&quot;}\">100% del dep\u00f3sito<\/span><\/p>\n<p style=\"text-align: center;\"><span data-sheets-userformat=\"{&quot;2&quot;:513,&quot;3&quot;:{&quot;1&quot;:0},&quot;12&quot;:0}\" data-sheets-value=\"{&quot;1&quot;:2,&quot;2&quot;:&quot;100% del dep\u00f3sito&quot;}\">100% del dep\u00f3sito<\/span><\/p>\n<p style=\"text-align: center;\"><span data-sheets-userformat=\"{&quot;2&quot;:513,&quot;3&quot;:{&quot;1&quot;:0},&quot;12&quot;:0}\" data-sheets-value=\"{&quot;1&quot;:2,&quot;2&quot;:&quot;100% del dep\u00f3sito&quot;}\">100% del dep\u00f3sito<\/span><\/p>\n<p style=\"text-align: center;\"><span data-sheets-userformat=\"{&quot;2&quot;:513,&quot;3&quot;:{&quot;1&quot;:0},&quot;12&quot;:0}\" data-sheets-value=\"{&quot;1&quot;:2,&quot;2&quot;:&quot;50% del precio del tour.&quot;}\">50% del precio del tour.<\/span><\/p>\n<p>Nuestro cr\u00e9dito para tours futuros nunca expira y puede ser transferido a cualquier otro tour, fecha futura o incluso un hu\u00e9sped distinto. S\u00f3lo ten en cuenta que el precio de los tours futuros podr\u00eda ser diferente, debido al aumento interno o externo de su costo.Live Love Ride es un \"Establecimiento Limpio y Seguro\". Sin embargo, hemos ido m\u00e1s all\u00e1 de esas medidas para garantizar que pedalear\u00e1s seguro - Haz click para ver las 6 razones por las que podr\u00e1s disfrutar una experiencia segura con nosotros.<\/p>\n<p style=\"\"><strong><span data-sheets-userformat=\"{&quot;2&quot;:513,&quot;3&quot;:{&quot;1&quot;:0},&quot;12&quot;:0}\" data-sheets-value=\"{&quot;1&quot;:2,&quot;2&quot;:&quot;POL\u00cdTICA DE CANCELACI\u00d3N EST\u00c1NDAR 2020&quot;}\">POL\u00cdTICA DE CANCELACI\u00d3N EST\u00c1NDAR 2020<\/span><\/strong><span data-sheets-userformat=\"{&quot;2&quot;:513,&quot;3&quot;:{&quot;1&quot;:0},&quot;12&quot;:0}\" data-sheets-value=\"{&quot;1&quot;:2,&quot;2&quot;:&quot;(Aplica para todos los tours est\u00e1ndar guiados, autoguiados, o premium con fechas iniciales de reserva a partir del 1\u00b0 de Noviembre del 2020):&quot;}\">(Aplica para todos los tours est\u00e1ndar guiados, autoguiados, o premium con fechas iniciales de reserva a partir del 1\u00b0 de Noviembre del 2020):<\/span><\/p>\n<p style=\"text-align: center;\">Cancelaci\u00f3nOpci\u00f3n (Reembolso)<\/p>\n<p style=\"text-align: center;\">PosponerOpci\u00f3n<\/p>\n<p style=\"text-align: center;\"><span data-sheets-userformat=\"{&quot;2&quot;:513,&quot;3&quot;:{&quot;1&quot;:0},&quot;12&quot;:0}\" data-sheets-value=\"{&quot;1&quot;:2,&quot;2&quot;:&quot;N\u00famero de d\u00edas antes de la fecha de inicio:&quot;}\">N\u00famero de d\u00edas antes de la fecha de inicio:<\/span><\/p>\n<p style=\"text-align: center;\"><span data-sheets-userformat=\"{&quot;2&quot;:513,&quot;3&quot;:{&quot;1&quot;:0},&quot;12&quot;:0}\" data-sheets-value=\"{&quot;1&quot;:2,&quot;2&quot;:&quot;M\u00e1s de 120 d\u00edas&quot;}\"><span data-sheets-userformat=\"{&quot;2&quot;:513,&quot;3&quot;:{&quot;1&quot;:0},&quot;12&quot;:0}\" data-sheets-value=\"{&quot;1&quot;:2,&quot;2&quot;:&quot;120-31 D\u00edas&quot;}\"><span data-sheets-userformat=\"{&quot;2&quot;:513,&quot;3&quot;:{&quot;1&quot;:0},&quot;12&quot;:0}\" data-sheets-value=\"{&quot;1&quot;:2,&quot;2&quot;:&quot;M\u00e1s de 120 d\u00edas&quot;}\">M\u00e1s de 120 d\u00edas<\/span><\/span><\/span><\/p>\n<p style=\"text-align: center;\"><span data-sheets-userformat=\"{&quot;2&quot;:513,&quot;3&quot;:{&quot;1&quot;:0},&quot;12&quot;:0}\" data-sheets-value=\"{&quot;1&quot;:2,&quot;2&quot;:&quot;30 d\u00edas o menos&quot;}\"><span data-sheets-userformat=\"{&quot;2&quot;:513,&quot;3&quot;:{&quot;1&quot;:0},&quot;12&quot;:0}\" data-sheets-value=\"{&quot;1&quot;:2,&quot;2&quot;:&quot;120-31 D\u00edas&quot;}\">120-31 D\u00edas<\/span><\/span><\/p>\n<p style=\"text-align: center;\"><span data-sheets-userformat=\"{&quot;2&quot;:513,&quot;3&quot;:{&quot;1&quot;:0},&quot;12&quot;:0}\" data-sheets-value=\"{&quot;1&quot;:2,&quot;2&quot;:&quot;30 d\u00edas o menos&quot;}\">30 d\u00edas o menos<\/span><\/p>\n<p style=\"text-align: center;\"><span data-sheets-userformat=\"{&quot;2&quot;:513,&quot;3&quot;:{&quot;1&quot;:0},&quot;12&quot;:0}\" data-sheets-value=\"{&quot;1&quot;:2,&quot;2&quot;:&quot;Tarifa de cancelaci\u00f3n&quot;}\">Tarifa de cancelaci\u00f3n<\/span><\/p>\n<p style=\"text-align: center;\">Tarifa de cancelaci\u00f3n del 20% de tu dep\u00f3sitoFuturo cr\u00e9dito para viajar de 20% del dep\u00f3sito.<\/p>\n<p style=\"text-align: center;\">Tarifa de cancelaci\u00f3n del 40% de tu dep\u00f3sitoFuturo cr\u00e9dito para viajar de 20% del dep\u00f3sito.<\/p>\n<p style=\"text-align: center;\">Tarifa de cancelaci\u00f3n del 100% del precio de del viajeFuturo cr\u00e9dito para viajar de 20% del dep\u00f3sito.<\/p>\n<p style=\"text-align: center;\"><span data-sheets-userformat=\"{&quot;2&quot;:513,&quot;3&quot;:{&quot;1&quot;:0},&quot;12&quot;:0}\" data-sheets-value=\"{&quot;1&quot;:2,&quot;2&quot;:&quot;Cr\u00e9dito para futuros viajes&quot;}\">Cr\u00e9dito para futuros viajes<\/span><\/p>\n<p style=\"text-align: center;\"><span data-sheets-userformat=\"{&quot;2&quot;:513,&quot;3&quot;:{&quot;1&quot;:0},&quot;12&quot;:0}\" data-sheets-value=\"{&quot;1&quot;:2,&quot;2&quot;:&quot;100% del dep\u00f3sito&quot;}\">100% del dep\u00f3sito<\/span><\/p>\n<p style=\"text-align: center;\"><span data-sheets-userformat=\"{&quot;2&quot;:513,&quot;3&quot;:{&quot;1&quot;:0},&quot;12&quot;:0}\" data-sheets-value=\"{&quot;1&quot;:2,&quot;2&quot;:&quot;100% del dep\u00f3sito&quot;}\">100% del dep\u00f3sito<\/span><\/p>\n<p style=\"text-align: center;\"><span data-sheets-userformat=\"{&quot;2&quot;:513,&quot;3&quot;:{&quot;1&quot;:0},&quot;12&quot;:0}\" data-sheets-value=\"{&quot;1&quot;:2,&quot;2&quot;:&quot;Opci\u00f3n no disponible&quot;}\">Opci\u00f3n no disponible<\/span><\/p>\n<h2 style=\"\"><span data-sheets-userformat=\"{&quot;2&quot;:513,&quot;3&quot;:{&quot;1&quot;:0},&quot;12&quot;:0}\" data-sheets-value=\"{&quot;1&quot;:2,&quot;2&quot;:&quot;POL\u00cdTICA DE CANCELACI\u00d3N PARA TOURS PERSONALIZADOS:&quot;}\">POL\u00cdTICA DE CANCELACI\u00d3N PARA TOURS PERSONALIZADOS:<\/span><\/h2>\n<p style=\"\"><span data-sheets-userformat=\"{&quot;2&quot;:513,&quot;3&quot;:{&quot;1&quot;:0},&quot;12&quot;:0}\" data-sheets-value=\"{&quot;1&quot;:2,&quot;2&quot;:&quot;Nuestra pol\u00edtica de cancelaciones no aplica para tours personalizados o hechos a la medida,  y se comunicar\u00e1 de acuerdo al proyecto.&quot;}\">Nuestra pol\u00edtica de cancelaciones no aplica para tours personalizados o hechos a la medida, y se comunicar\u00e1 de acuerdo al proyecto.<\/span><\/p>\n<h2 style=\"\"><span data-sheets-userformat=\"{&quot;2&quot;:513,&quot;3&quot;:{&quot;1&quot;:0},&quot;12&quot;:0}\" data-sheets-value=\"{&quot;1&quot;:2,&quot;2&quot;:&quot;SI LIVE LOVE RIDE DECIDE CANCELAR UN TOUR:&quot;}\">SI LIVE LOVE RIDE DECIDE CANCELAR UN TOUR:<\/span><\/h2>\n<p style=\"\"><span data-sheets-userformat=\"{&quot;2&quot;:513,&quot;3&quot;:{&quot;1&quot;:0},&quot;12&quot;:0}\" data-sheets-value=\"{&quot;1&quot;:2,&quot;2&quot;:&quot;Com\u00fanmente Live Love Ride no cancela ning\u00fan viaje una vez que est\u00e1 garantizado. Sin embargo, debido a la actual situaci\u00f3n de Coronavirus, podr\u00edamos considerar cancelar alg\u00fan viaje dentro de los 30 d\u00edas previos a la fecha de inicio del tour basados en la informaci\u00f3n proporcionada por las autoridades de salud del pa\u00eds donde se llevar\u00e1 a cabo el tour. Si Live Love Ride cancela alg\u00fan tour debido a la informaci\u00f3n proporcionada por las autoridades mencionadas, transferiremos todo tu cr\u00e9dito ya pagado, para que lo utilices como cr\u00e9dito para un futuro tour, el cr\u00e9dito no expirar\u00e1. En caso de cancelaci\u00f3n, Live Love Ride no se hace responsable de ninguna p\u00e9rdida sufrida por cualquier gasto de viaje no reembolsable.&quot;}\">Com\u00fanmente Live Love Ride no cancela ning\u00fan viaje una vez que est\u00e1 garantizado. Sin embargo, debido a la actual situaci\u00f3n de Coronavirus, podr\u00edamos considerar cancelar alg\u00fan viaje dentro de los 30 d\u00edas previos a la fecha de inicio del tour basados en la informaci\u00f3n proporcionada por las autoridades de salud del pa\u00eds donde se llevar\u00e1 a cabo el tour. Si Live Love Ride cancela alg\u00fan tour debido a la informaci\u00f3n proporcionada por las autoridades mencionadas, transferiremos todo tu cr\u00e9dito ya pagado, para que lo utilices como cr\u00e9dito para un futuro tour, el cr\u00e9dito no expirar\u00e1. En caso de cancelaci\u00f3n, Live Love Ride no se hace responsable de ninguna p\u00e9rdida sufrida por cualquier gasto de viaje no reembolsable.<\/span><\/p>\n<h2 style=\"\"><span data-sheets-userformat=\"{&quot;2&quot;:513,&quot;3&quot;:{&quot;1&quot;:0},&quot;12&quot;:0}\" data-sheets-value=\"{&quot;1&quot;:2,&quot;2&quot;:&quot;EXCEPCIONES:&quot;}\">EXCEPCIONES:<\/span><\/h2>\n<p style=\"\"><span data-sheets-userformat=\"{&quot;2&quot;:513,&quot;3&quot;:{&quot;1&quot;:0},&quot;12&quot;:0}\" data-sheets-value=\"{&quot;1&quot;:2,&quot;2&quot;:&quot;No realizamos ninguna excepci\u00f3n por ning\u00fan motivo, incluyendo emergencias personales, clima inesperado, desastres naturales o terrorismo.&quot;}\">No realizamos ninguna excepci\u00f3n por ning\u00fan motivo, incluyendo emergencias personales, clima inesperado, desastres naturales o terrorismo.<\/span><\/p>\n","protected":false},"excerpt":{"rendered":"<p>POL\u00cdTICA DE CANCELACI\u00d3N Reserva con confianza Nuestra pol\u00edtica de cancelaci\u00f3n hace que sea lo m\u00e1s sencillo posible que cambies tu tour de bicicleta a diferentes fechas o destinos. A\u00fan en tiempos inciertos, puedes confiar en que te proporcionaremos flexibilidad para que puedas reservar tu tour con confianza. El dep\u00f3sito de tu viaje es completamente transferible [&hellip;]<\/p>\n","protected":false},"author":1,"featured_media":38147,"parent":0,"menu_order":55,"comment_status":"closed","ping_status":"closed","template":"","meta":{"ct_builder_shortcodes":"","ct_template_type":"","ct_parent_template":0,"_seopress_robots_primary_cat":"","_seopress_titles_title":"","_seopress_titles_desc":"","_seopress_robots_index":"","footnotes":""},"class_list":["post-34179","page","type-page","status-publish","has-post-thumbnail","hentry"],"_links":{"self":[{"href":"https:\/\/biketoursspain.com\/es\/wp-json\/wp\/v2\/pages\/34179","targetHints":{"allow":["GET"]}}],"collection":[{"href":"https:\/\/biketoursspain.com\/es\/wp-json\/wp\/v2\/pages"}],"about":[{"href":"https:\/\/biketoursspain.com\/es\/wp-json\/wp\/v2\/types\/page"}],"author":[{"embeddable":true,"href":"https:\/\/biketoursspain.com\/es\/wp-json\/wp\/v2\/users\/1"}],"replies":[{"embeddable":true,"href":"https:\/\/biketoursspain.com\/es\/wp-json\/wp\/v2\/comments?post=34179"}],"version-history":[{"count":3,"href":"https:\/\/biketoursspain.com\/es\/wp-json\/wp\/v2\/pages\/34179\/revisions"}],"predecessor-version":[{"id":34261,"href":"https:\/\/biketoursspain.com\/es\/wp-json\/wp\/v2\/pages\/34179\/revisions\/34261"}],"wp:featuredmedia":[{"embeddable":true,"href":"https:\/\/biketoursspain.com\/es\/wp-json\/wp\/v2\/media\/38147"}],"wp:attachment":[{"href":"https:\/\/biketoursspain.com\/es\/wp-json\/wp\/v2\/media?parent=34179"}],"curies":[{"name":"wp","href":"https:\/\/api.w.org\/{rel}","templated":true}]}}