{"id":34177,"date":"2019-03-10T11:54:40","date_gmt":"2019-03-10T11:54:40","guid":{"rendered":"https:\/\/biketoursspain.com\/travel-agents\/"},"modified":"2022-10-03T10:17:52","modified_gmt":"2022-10-03T10:17:52","slug":"agencias","status":"publish","type":"page","link":"https:\/\/biketoursspain.com\/es\/agencias\/","title":{"rendered":"Agencias"},"content":{"rendered":"<h1 style=\"text-align: center;\"><span data-sheets-userformat=\"{&quot;2&quot;:513,&quot;3&quot;:{&quot;1&quot;:0},&quot;12&quot;:0}\" data-sheets-value=\"{&quot;1&quot;:2,&quot;2&quot;:&quot;AGENCIAS&quot;}\">AGENCIAS<\/span><\/h1>\n<p style=\"text-align: center;\"><span data-sheets-userformat=\"{&quot;2&quot;:513,&quot;3&quot;:{&quot;1&quot;:0},&quot;12&quot;:0}\" data-sheets-value=\"{&quot;1&quot;:2,&quot;2&quot;:&quot;\u00bfQuieres planear cualquier tipo de experiencia en un tour de bicicleta en Espa\u00f1a o Portugal?&quot;}\">\u00bfQuieres planear cualquier tipo de experiencia en un tour de bicicleta en Espa\u00f1a o Portugal?<\/span><\/p>\n<h3><span data-sheets-userformat=\"{&quot;2&quot;:513,&quot;3&quot;:{&quot;1&quot;:0},&quot;12&quot;:0}\" data-sheets-value=\"{&quot;1&quot;:2,&quot;2&quot;:&quot;ESCR\u00cdBENOS UN MENSAJE&quot;}\">ESCR\u00cdBENOS UN MENSAJE<\/span><\/h3>\n<p>Contact Us    Subject        <span><\/span>                    First name        <span><\/span>                    Last name        <span><\/span>                    Email        <span><\/span>                    Phone number        <span aria-hidden=\"true\"><\/span>                    Message        <span><\/span>                    Privacy Policy        <span>*<\/span>         I accept your <a href=\"https:\/\/biketoursspain.com\/privacy-policy\/\">Privacy Policy<\/a>             Newsletter        <span><\/span>         I want to subscribe the newsletter and receive marketing promotions            reCAPTCHA        <span><\/span>                If you are human, leave this field blank.SUBMIT<\/p>\n<h3><span data-sheets-userformat=\"{&quot;2&quot;:513,&quot;3&quot;:{&quot;1&quot;:0},&quot;12&quot;:0}\" data-sheets-value=\"{&quot;1&quot;:2,&quot;2&quot;:&quot;ACEPTAMOS RESERVAS HECHAS CON AGENCIAS&quot;}\">ACEPTAMOS RESERVAS HECHAS CON AGENCIAS<\/span><\/h3>\n<p><span><span data-sheets-userformat=\"{&quot;2&quot;:513,&quot;3&quot;:{&quot;1&quot;:0},&quot;12&quot;:0}\" data-sheets-value=\"{&quot;1&quot;:2,&quot;2&quot;:&quot;\u00a1Permite que Live Love Ride sea tu compa\u00f1ero para experiencias ciclotur\u00edsticas y tours de bicicleta en Espa\u00f1a! Invitamos a todas las agencias de viajes y de deportes individuales a ofrecer nuestros productos a sus clientes. Estamos abiertos a la creaci\u00f3n de una sociedad comercial s\u00f3lida y hemos creado una estructura de comisiones e informaci\u00f3n tur\u00edstica adecuadas para que puedas ofrecer nuestros productos y servicios a tus clientes con toda confianza.&quot;}\">\u00a1Permite que Live Love Ride sea tu compa\u00f1ero para experiencias ciclotur\u00edsticas y tours de bicicleta en Espa\u00f1a! Invitamos a todas las agencias de viajes y de deportes individuales a ofrecer nuestros productos a sus clientes. Estamos abiertos a la creaci\u00f3n de una sociedad comercial s\u00f3lida y hemos creado una estructura de comisiones e informaci\u00f3n tur\u00edstica adecuadas para que puedas ofrecer nuestros productos y servicios a tus clientes con toda confianza.<\/span><\/span><\/p>\n<h3><span style=\"color: var(--tcb-color-1);\"><span data-sheets-userformat=\"{&quot;2&quot;:513,&quot;3&quot;:{&quot;1&quot;:0},&quot;12&quot;:0}\" data-sheets-value=\"{&quot;1&quot;:2,&quot;2&quot;:&quot;PRODUCTOS DE VIAJE ADAPTADOS Y PERSONALIZADOS&quot;}\">PRODUCTOS DE VIAJE ADAPTADOS Y PERSONALIZADOS<\/span><\/span><\/h3>\n<p><span><span data-sheets-userformat=\"{&quot;2&quot;:513,&quot;3&quot;:{&quot;1&quot;:0},&quot;12&quot;:0}\" data-sheets-value=\"{&quot;1&quot;:2,&quot;2&quot;:&quot;Estamos abiertos a crear experiencias de cicloturismo personalizadas y tours de bicicleta en Espa\u00f1a para todas nuestras agencias asociadas. Si tus clientes quieren visitar un destino espec\u00edfico, andar en una bicicleta espec\u00edfica, extender su viaje, o hacer cualquier modificaci\u00f3n, te invitamos a enviar las necesidades de tus clientes; con mucho gusto dise\u00f1aremos productos especializados para que nuestros socios comerciales los presenten a sus clientes.&quot;}\">Estamos abiertos a crear experiencias de cicloturismo personalizadas y tours de bicicleta en Espa\u00f1a para todas nuestras agencias asociadas. Si tus clientes quieren visitar un destino espec\u00edfico, andar en una bicicleta espec\u00edfica, extender su viaje, o hacer cualquier modificaci\u00f3n, te invitamos a enviar las necesidades de tus clientes; con mucho gusto dise\u00f1aremos productos especializados para que nuestros socios comerciales los presenten a sus clientes.<\/span><\/span><\/p>\n<h3><span data-sheets-userformat=\"{&quot;2&quot;:513,&quot;3&quot;:{&quot;1&quot;:0},&quot;12&quot;:0}\" data-sheets-value=\"{&quot;1&quot;:2,&quot;2&quot;:&quot;TU PROPIA EXPERIENCIA DE MARCA&quot;}\">TU PROPIA EXPERIENCIA DE MARCA<\/span><\/h3>\n<p><span><span data-sheets-userformat=\"{&quot;2&quot;:513,&quot;3&quot;:{&quot;1&quot;:0},&quot;12&quot;:0}\" data-sheets-value=\"{&quot;1&quot;:2,&quot;2&quot;:&quot;Como agencia de viajes deportivos receptiva, podemos dise\u00f1ar tours de bicicleta en Espa\u00f1a espec\u00edficos para tu agencia, as\u00ed podr\u00e1s presentarla bajo tu propia marca al mercado. \u00c9stos productos exclusivos, se pueden crear y comercializar exclusivamente por nuestros socios comerciales premium en todo el mundo.&quot;}\">Como agencia de viajes deportivos receptiva, podemos dise\u00f1ar tours de bicicleta en Espa\u00f1a espec\u00edficos para tu agencia, as\u00ed podr\u00e1s presentarla bajo tu propia marca al mercado. \u00c9stos productos exclusivos, se pueden crear y comercializar exclusivamente por nuestros socios comerciales premium en todo el mundo.<\/span><\/span><\/p>\n<p><span><span data-sheets-userformat=\"{&quot;2&quot;:513,&quot;3&quot;:{&quot;1&quot;:0},&quot;12&quot;:0}\" data-sheets-value=\"{&quot;1&quot;:2,&quot;2&quot;:&quot;Para obtener m\u00e1s informaci\u00f3n, favor de comunicarte con nuestro departamento de ventas en ridewithus@liveloveride.pt o a trav\u00e9s del formulario de contacto. &quot;}\">Para obtener m\u00e1s informaci\u00f3n, favor de comunicarte con nuestro departamento de ventas en <strong>ridewithus @ liveloveride.pt<\/strong> o a trav\u00e9s del formulario de contacto.&nbsp;<\/span><\/span><\/p>\n","protected":false},"excerpt":{"rendered":"<p>AGENCIAS \u00bfQuieres planear cualquier tipo de experiencia en un tour de bicicleta en Espa\u00f1a o Portugal? ESCR\u00cdBENOS UN MENSAJE Contact Us Subject First name Last name Email Phone number Message Privacy Policy * I accept your Privacy Policy Newsletter I want to subscribe the newsletter and receive marketing promotions reCAPTCHA If you are human, leave [&hellip;]<\/p>\n","protected":false},"author":1,"featured_media":34351,"parent":0,"menu_order":46,"comment_status":"closed","ping_status":"closed","template":"","meta":{"ct_builder_shortcodes":"","ct_template_type":"","ct_parent_template":0,"_seopress_robots_primary_cat":"","_seopress_titles_title":"Agencias","_seopress_titles_desc":"P\u00f3ngase en contacto con nosotros para conocer las oportunidades de revender o planificar cualquier recorrido en bicicleta personalizado o experiencia en bicicleta en Espa\u00f1a.","_seopress_robots_index":"","footnotes":""},"class_list":["post-34177","page","type-page","status-publish","has-post-thumbnail","hentry"],"_links":{"self":[{"href":"https:\/\/biketoursspain.com\/es\/wp-json\/wp\/v2\/pages\/34177","targetHints":{"allow":["GET"]}}],"collection":[{"href":"https:\/\/biketoursspain.com\/es\/wp-json\/wp\/v2\/pages"}],"about":[{"href":"https:\/\/biketoursspain.com\/es\/wp-json\/wp\/v2\/types\/page"}],"author":[{"embeddable":true,"href":"https:\/\/biketoursspain.com\/es\/wp-json\/wp\/v2\/users\/1"}],"replies":[{"embeddable":true,"href":"https:\/\/biketoursspain.com\/es\/wp-json\/wp\/v2\/comments?post=34177"}],"version-history":[{"count":3,"href":"https:\/\/biketoursspain.com\/es\/wp-json\/wp\/v2\/pages\/34177\/revisions"}],"predecessor-version":[{"id":34219,"href":"https:\/\/biketoursspain.com\/es\/wp-json\/wp\/v2\/pages\/34177\/revisions\/34219"}],"wp:featuredmedia":[{"embeddable":true,"href":"https:\/\/biketoursspain.com\/es\/wp-json\/wp\/v2\/media\/34351"}],"wp:attachment":[{"href":"https:\/\/biketoursspain.com\/es\/wp-json\/wp\/v2\/media?parent=34177"}],"curies":[{"name":"wp","href":"https:\/\/api.w.org\/{rel}","templated":true}]}}