{"id":34176,"date":"2020-12-12T07:34:59","date_gmt":"2020-12-12T07:34:59","guid":{"rendered":"https:\/\/biketoursspain.com\/subscribe-newsletter\/"},"modified":"2022-10-03T10:17:32","modified_gmt":"2022-10-03T10:17:32","slug":"suscribete-a-nuestro-boletin","status":"publish","type":"page","link":"https:\/\/biketoursspain.com\/es\/suscribete-a-nuestro-boletin\/","title":{"rendered":"Suscr\u00edbete a nuestro bolet\u00edn"},"content":{"rendered":"<h1 style=\"text-align: center;\"><span data-sheets-userformat=\"{&quot;2&quot;:515,&quot;3&quot;:{&quot;1&quot;:0},&quot;4&quot;:{&quot;1&quot;:3,&quot;3&quot;:2},&quot;12&quot;:0}\" data-sheets-value=\"{&quot;1&quot;:2,&quot;2&quot;:&quot;SUSCR\u00cdBETE A NUESTRO BOLET\u00cdN&quot;}\">SUSCR\u00cdBETE A NUESTRO BOLET\u00cdN<\/span><\/h1>\n<p style=\"text-align: center;\"><span data-sheets-userformat=\"{&quot;2&quot;:513,&quot;3&quot;:{&quot;1&quot;:0},&quot;12&quot;:0}\" data-sheets-value=\"{&quot;1&quot;:2,&quot;2&quot;:&quot;\u00a1Obt\u00e9n la posibilidad de ganar una vacaci\u00f3n en bicicleta para dos!&quot;}\">\u00a1Obt\u00e9n la posibilidad de ganar una vacaci\u00f3n en bicicleta para dos!<\/span><\/p>\n<p style=\"\"><span data-sheets-userformat=\"{&quot;2&quot;:513,&quot;3&quot;:{&quot;1&quot;:0},&quot;12&quot;:0}\" data-sheets-value=\"{&quot;1&quot;:2,&quot;2&quot;:&quot;\u00danete a otros entusiastas del ciclismo y recibe ofertas exclusivas, nuevos destinos y planea tus pr\u00f3ximas vacaciones en bicicleta. Adem\u00e1s, s\u00f3lo por suscribirte a nuestro bolet\u00edn, tendr\u00e1s la oportunidad de ganar un viaje para dos en nuestro Tour de bicicleta en Minho: La Cuna Verde de Portugal. Consulte los t\u00e9rminos y condiciones a continuaci\u00f3n.&quot;}\">\u00danete a otros entusiastas del ciclismo y recibe ofertas exclusivas, nuevos destinos y planea tus pr\u00f3ximas vacaciones en bicicleta. Adem\u00e1s, s\u00f3lo por suscribirte a nuestro bolet\u00edn, tendr\u00e1s la oportunidad de ganar un viaje para dos en nuestro Tour de bicicleta en Minho: La Cuna Verde de Portugal. Consulte los t\u00e9rminos y condiciones a continuaci\u00f3n.<\/span><\/p>\n<p>Subscribe newsletter    First Name        <span><\/span>                    Last Name        <span><\/span>                    Email        <span><\/span>                    Privacy Policy        <span>*<\/span>         I accept your <a href=\"https:\/\/biketoursspain.com\/privacy-policy\/\">Privacy Policy<\/a>             reCAPTCHA        <span><\/span>                If you are human, leave this field blank.Subscribe<\/p>\n<p><a href=\"https:\/\/biketoursspain.com\/wp-content\/uploads\/2020\/12\/Oficial_giveaway_rules_EN.pdf\" target=\"_blank\" style=\"outline: none;\" rel=\"noopener\"><span data-sheets-userformat=\"{&quot;2&quot;:513,&quot;3&quot;:{&quot;1&quot;:0},&quot;12&quot;:0}\" data-sheets-value=\"{&quot;1&quot;:2,&quot;2&quot;:&quot;T\u00e9rminos y condiciones&quot;}\">T\u00e9rminos y condiciones<\/span><\/a><\/p>\n","protected":false},"excerpt":{"rendered":"<p>SUSCR\u00cdBETE A NUESTRO BOLET\u00cdN \u00a1Obt\u00e9n la posibilidad de ganar una vacaci\u00f3n en bicicleta para dos! \u00danete a otros entusiastas del ciclismo y recibe ofertas exclusivas, nuevos destinos y planea tus pr\u00f3ximas vacaciones en bicicleta. Adem\u00e1s, s\u00f3lo por suscribirte a nuestro bolet\u00edn, tendr\u00e1s la oportunidad de ganar un viaje para dos en nuestro Tour de bicicleta [&hellip;]<\/p>\n","protected":false},"author":1,"featured_media":34351,"parent":0,"menu_order":40,"comment_status":"closed","ping_status":"closed","template":"","meta":{"ct_builder_shortcodes":"","ct_template_type":"","ct_parent_template":0,"_seopress_robots_primary_cat":"","_seopress_titles_title":"Suscr\u00edbete a nuestro bolet\u00edn","_seopress_titles_desc":"Suscr\u00edbete a nuestro bolet\u00edn","_seopress_robots_index":"","footnotes":""},"class_list":["post-34176","page","type-page","status-publish","has-post-thumbnail","hentry"],"_links":{"self":[{"href":"https:\/\/biketoursspain.com\/es\/wp-json\/wp\/v2\/pages\/34176","targetHints":{"allow":["GET"]}}],"collection":[{"href":"https:\/\/biketoursspain.com\/es\/wp-json\/wp\/v2\/pages"}],"about":[{"href":"https:\/\/biketoursspain.com\/es\/wp-json\/wp\/v2\/types\/page"}],"author":[{"embeddable":true,"href":"https:\/\/biketoursspain.com\/es\/wp-json\/wp\/v2\/users\/1"}],"replies":[{"embeddable":true,"href":"https:\/\/biketoursspain.com\/es\/wp-json\/wp\/v2\/comments?post=34176"}],"version-history":[{"count":3,"href":"https:\/\/biketoursspain.com\/es\/wp-json\/wp\/v2\/pages\/34176\/revisions"}],"predecessor-version":[{"id":34216,"href":"https:\/\/biketoursspain.com\/es\/wp-json\/wp\/v2\/pages\/34176\/revisions\/34216"}],"wp:featuredmedia":[{"embeddable":true,"href":"https:\/\/biketoursspain.com\/es\/wp-json\/wp\/v2\/media\/34351"}],"wp:attachment":[{"href":"https:\/\/biketoursspain.com\/es\/wp-json\/wp\/v2\/media?parent=34176"}],"curies":[{"name":"wp","href":"https:\/\/api.w.org\/{rel}","templated":true}]}}