{"id":34007,"date":"2019-03-10T11:54:40","date_gmt":"2019-03-10T11:54:40","guid":{"rendered":"https:\/\/biketoursspain.com\/create-your-tour\/"},"modified":"2022-10-05T16:41:05","modified_gmt":"2022-10-05T16:41:05","slug":"crea-tu-proprio-tour","status":"publish","type":"page","link":"https:\/\/biketoursspain.com\/es\/crea-tu-proprio-tour\/","title":{"rendered":"Crea tu proprio tour"},"content":{"rendered":"<h1 style=\"text-align: center;\">CREA TU PROPIO TOUR EN BICICLETA<\/h1>\n<p style=\"text-align: center;\">Personaliza tu paseo en bicicleta por Espa\u00f1a seg\u00fan tus preferencias.\u00a1Tu montas, tus reglas!<\/p>\n<h2 style=\"text-align: center;\">RIDE OPTIONS<\/h2>\n<p>Create your tour    Name your Tour        <span>*<\/span>                    Holiday type        <span><\/span>         Beach Urban Big outdoors Boat ride Charm Couple Cultural Cycling Camp Family Gourmet Group Historical Mountain Range Mountain Bike Premium Daily Tours Road Leisure trips Special Edition Urban Wellness Wine country            Preferred Locations        <span><\/span>         COSTA BRAVA GIRONA MALLORCA CAMINO DE SANTIAGO ANDALUCIA LA RIOJA BASQUE COUNTRY            Rider type        <span>*<\/span>        Select a Rider typeRecreationalActiveExpert            Bike type        <span>*<\/span>        Select a Bike typeMountain bikeRoad bikeOwn bike            Ride type        <span>*<\/span>         Guided Self Guided            Number of riders        <span>*<\/span>                    Number of non-riders        <span>*<\/span>                    Number of children        <span><\/span>                <\/p>\n<h3>PERSONAL INFORMATION<\/h3>\n<p>    First name        <span>*<\/span>                    Last name        <span>*<\/span>                    E-mail address        <span>*<\/span>                    Phone number        <span>*<\/span>                    Country        <span>*<\/span>        Select your countryAfghanistanAlbaniaAlgeriaAmerican SamoaAndorraAngolaAnguillaAntarcticaAntigua and BarbudaArgentinaArmeniaArubaAustraliaAustriaAzerbaijanBahamasBahrainBangladeshBarbadosBelarusBelgiumBelizeBeninBermudaBhutanBoliviaBosnia and HerzegovinaBotswanaBrazilBruneiBulgariaBurkina FasoBurundiCambodiaCameroonCanadaCape VerdeCayman IslandsCentral African RepublicChadChileChinaColombiaComorosCongoCosta RicaC\u00f4te d&#039;IvoireCroatiaCubaCyprusCzech RepublicDenmarkDjiboutiDominicaDominican RepublicEast TimorEcuadorEgyptEl SalvadorEquatorial GuineaEritreaEstoniaEthiopiaFijiFinlandFranceFrench GuianaFrench PolynesiaGabonGambiaGeorgiaGermanyGhanaGibraltarGreeceGreenlandGrenadaGuamGuatemalaGuineaGuinea-BissauGuyanaHaitiHondurasHong KongHungaryIcelandIndiaIndonesiaIranIraqIrelandIsraelItalyJamaicaJapanJordanKazakhstanKenyaKiribatiNorth KoreaSouth KoreaKuwaitKyrgyzstanLaosLatviaLebanonLesothoLiberiaLibyaLiechtensteinLithuaniaLuxembourgMacedoniaMadagascarMalawiMalaysiaMaldivesMaliMaltaMarshall IslandsMauritaniaMauritiusMexicoMicronesiaMoldovaMonacoMongoliaMontenegroMontserratMoroccoMozambiqueMyanmarNamibiaNauruNepalNetherlandsNew ZealandNicaraguaNigerNigeriaNorwayNorthern Mariana IslandsOmanPakistanPalauPalestinePanamaPapua New GuineaParaguayPeruPhilippinesPolandPortugalPuerto RicoQatarRomaniaRussiaRwandaSaint Kitts and NevisSaint LuciaSaint Vincent and the GrenadinesSamoaSan MarinoSao Tome and PrincipeSaudi ArabiaSenegalSerbia and MontenegroSeychellesSierra LeoneSingaporeSlovakiaSloveniaSolomon IslandsSomaliaSouth AfricaSouth SudanSpainSri LankaSudanSurinameSwazilandSwedenSwitzerlandSyriaTaiwanTajikistanTanzaniaThailandTogoTongaTrinidad and TobagoTunisiaTurkeyTurkmenistanTuvaluUgandaUkraineUnited Arab EmiratesUnited KingdomUnited StatesUruguayUzbekistanVanuatuVatican CityVenezuelaVietnamVirgin Islands, BritishVirgin Islands, U.S.YemenZambiaZimbabwe            Message to our travel consultants        <span><\/span>                    Privacy policy        <span>*<\/span>         I read and accept your <a href=\"https:\/\/biketoursspain.com\/privacy-policy\/\">Privacy Policy<\/a>            Newsletter        <span><\/span>         I want to subscribe the newsletter and receive marketing promotions            reCAPTCHA        <span><\/span>                If you are human, leave this field blank.SUBMIT<\/p>\n","protected":false},"excerpt":{"rendered":"<p>CREA TU PROPIO TOUR EN BICICLETA Personaliza tu paseo en bicicleta por Espa\u00f1a seg\u00fan tus preferencias.\u00a1Tu montas, tus reglas! RIDE OPTIONS Create your tour Name your Tour * Holiday type Beach Urban Big outdoors Boat ride Charm Couple Cultural Cycling Camp Family Gourmet Group Historical Mountain Range Mountain Bike Premium Daily Tours Road Leisure trips [&hellip;]<\/p>\n","protected":false},"author":1,"featured_media":34366,"parent":0,"menu_order":32,"comment_status":"closed","ping_status":"closed","template":"","meta":{"ct_builder_shortcodes":"","ct_template_type":"","ct_parent_template":0,"_seopress_robots_primary_cat":"","_seopress_titles_title":"Crea tu proprio tour - tour de bicicleta en Espa\u00f1a","_seopress_titles_desc":"Personaliza tu viaje en bicicleta por Espa\u00f1a seg\u00fan tus preferencias, para unas vacaciones en bicicleta adecuadas para tu grupo.","_seopress_robots_index":"","footnotes":""},"class_list":["post-34007","page","type-page","status-publish","has-post-thumbnail","hentry"],"_links":{"self":[{"href":"https:\/\/biketoursspain.com\/es\/wp-json\/wp\/v2\/pages\/34007","targetHints":{"allow":["GET"]}}],"collection":[{"href":"https:\/\/biketoursspain.com\/es\/wp-json\/wp\/v2\/pages"}],"about":[{"href":"https:\/\/biketoursspain.com\/es\/wp-json\/wp\/v2\/types\/page"}],"author":[{"embeddable":true,"href":"https:\/\/biketoursspain.com\/es\/wp-json\/wp\/v2\/users\/1"}],"replies":[{"embeddable":true,"href":"https:\/\/biketoursspain.com\/es\/wp-json\/wp\/v2\/comments?post=34007"}],"version-history":[{"count":2,"href":"https:\/\/biketoursspain.com\/es\/wp-json\/wp\/v2\/pages\/34007\/revisions"}],"predecessor-version":[{"id":34478,"href":"https:\/\/biketoursspain.com\/es\/wp-json\/wp\/v2\/pages\/34007\/revisions\/34478"}],"wp:featuredmedia":[{"embeddable":true,"href":"https:\/\/biketoursspain.com\/es\/wp-json\/wp\/v2\/media\/34366"}],"wp:attachment":[{"href":"https:\/\/biketoursspain.com\/es\/wp-json\/wp\/v2\/media?parent=34007"}],"curies":[{"name":"wp","href":"https:\/\/api.w.org\/{rel}","templated":true}]}}