{"id":34006,"date":"2019-03-10T11:54:40","date_gmt":"2019-03-10T11:54:40","guid":{"rendered":"https:\/\/biketoursspain.com\/calendar\/"},"modified":"2022-10-03T10:16:03","modified_gmt":"2022-10-03T10:16:03","slug":"fecha","status":"publish","type":"page","link":"https:\/\/biketoursspain.com\/es\/fecha\/","title":{"rendered":"Fecha"},"content":{"rendered":"<h1 style=\"text-align: center;\">VIAJES EN GRUPO<\/h1>\n<p style=\"text-align: center;\">\u00danete a un grupo para descubrir Portugal en bicicleta.<\/p>\n<p><span>Explore nuestro calendario a continuaci\u00f3n para encontrar visitas guiadas preprogramadas, a las que puede unirse y experimentar con otros ciclistas. Estas fechas est\u00e1n abiertas para que cualquiera se una, por lo que si est\u00e1 buscando explorar una regi\u00f3n con otros entusiastas del ciclismo y hacer nuevos amigos en la bicicleta, esta es la opci\u00f3n para usted.- Salidas garantizadas (m\u00ednimo de dos invitados para correr);- Grupos peque\u00f1os garantizados - limitado a 08 invitados por tour;*Todos los recorridos a continuaci\u00f3n tambi\u00e9n est\u00e1n disponibles como experiencias privadas, ya sea como opciones autoguiadas, guiadas o premium, que pueden comenzar en cualquier otra fecha.<\/span><\/p>\n<h2>PR\u00d3XIMOS TOURS<\/h2>\n<p><h4>October 2022<\/h4>\n<p>         09\/10\/22 - <a href=\"https:\/\/biketoursspain.com\/es\/tour\/tour-en-bicicleta-por-andalucia-pueblos-historicos-y-la-region-vinicola-de-jerez\/\">Tour en Bicicleta por Andaluc\u00eda - Pueblos Hist\u00f3ricos y la Regi\u00f3n Vin\u00edcola de Jerez<\/a> <a href='https:\/\/biketoursspain.com\/es\/tour\/tour-en-bicicleta-por-andalucia-pueblos-historicos-y-la-region-vinicola-de-jerez\/'>Learn more >><\/a><\/p>\n<h4>April 2023<\/h4>\n<p>         16\/04\/23 - <a href=\"https:\/\/biketoursspain.com\/es\/tour\/tour-en-bicicleta-por-mallorca-vacaciones-de-cicloturismo\/\">Tour en Bicicleta por Mallorca - Vacaciones de Cicloturismo<\/a> <a href='https:\/\/biketoursspain.com\/es\/tour\/tour-en-bicicleta-por-mallorca-vacaciones-de-cicloturismo\/'>Learn more >><\/a><\/p>\n<h4>May 2023<\/h4>\n<p>         21\/05\/23 - <a href=\"https:\/\/biketoursspain.com\/es\/tour\/tour-en-bicicleta-por-la-rioja-y-el-pais-vasco\/\">Tour en Bicicleta por La Rioja y el Pa\u00eds Vasco<\/a> <a href='https:\/\/biketoursspain.com\/es\/tour\/tour-en-bicicleta-por-la-rioja-y-el-pais-vasco\/'>Learn more >><\/a><\/p>\n<h4>June 2023<\/h4>\n<p>         04\/06\/23 - <a href=\"https:\/\/biketoursspain.com\/es\/tour\/tour-en-bicicleta-por-cataluna-pedaleando-por-gerona-y-la-costa-brava\/\">Tour en bicicleta por Catalu\u00f1a - Pedaleando por Gerona y La Costa Brava<\/a> <a href='https:\/\/biketoursspain.com\/es\/tour\/tour-en-bicicleta-por-cataluna-pedaleando-por-gerona-y-la-costa-brava\/'>Learn more >><\/a><\/p>\n<h4>September 2023<\/h4>\n<p>         24\/09\/23 - <a href=\"https:\/\/biketoursspain.com\/es\/tour\/tour-en-bicicleta-por-mallorca-vacaciones-de-cicloturismo\/\">Tour en Bicicleta por Mallorca - Vacaciones de Cicloturismo<\/a> <a href='https:\/\/biketoursspain.com\/es\/tour\/tour-en-bicicleta-por-mallorca-vacaciones-de-cicloturismo\/'>Learn more >><\/a><\/p>\n<h4>October 2023<\/h4>\n<p>         15\/10\/23 - <a href=\"https:\/\/biketoursspain.com\/es\/tour\/tour-en-bicicleta-por-andalucia-pueblos-historicos-y-la-region-vinicola-de-jerez\/\">Tour en Bicicleta por Andaluc\u00eda - Pueblos Hist\u00f3ricos y la Regi\u00f3n Vin\u00edcola de Jerez<\/a> <a href='https:\/\/biketoursspain.com\/es\/tour\/tour-en-bicicleta-por-andalucia-pueblos-historicos-y-la-region-vinicola-de-jerez\/'>Learn more >><\/a><\/p>\n","protected":false},"excerpt":{"rendered":"<p>VIAJES EN GRUPO \u00danete a un grupo para descubrir Portugal en bicicleta. Explore nuestro calendario a continuaci\u00f3n para encontrar visitas guiadas preprogramadas, a las que puede unirse y experimentar con otros ciclistas. Estas fechas est\u00e1n abiertas para que cualquiera se una, por lo que si est\u00e1 buscando explorar una regi\u00f3n con otros entusiastas del ciclismo [&hellip;]<\/p>\n","protected":false},"author":1,"featured_media":34366,"parent":0,"menu_order":27,"comment_status":"closed","ping_status":"closed","template":"","meta":{"ct_builder_shortcodes":"","ct_template_type":"","ct_parent_template":0,"_seopress_robots_primary_cat":"","_seopress_titles_title":"Calendario de cicloturismo grupal en Espa\u00f1a","_seopress_titles_desc":"\u00danase a un tour grupal en bicicleta y explore Espa\u00f1a haciendo amigos en el camino. Elige entre las fechas de nuestro calendario para unirte a una de nuestras vacaciones ciclistas","_seopress_robots_index":"","footnotes":""},"class_list":["post-34006","page","type-page","status-publish","has-post-thumbnail","hentry"],"_links":{"self":[{"href":"https:\/\/biketoursspain.com\/es\/wp-json\/wp\/v2\/pages\/34006","targetHints":{"allow":["GET"]}}],"collection":[{"href":"https:\/\/biketoursspain.com\/es\/wp-json\/wp\/v2\/pages"}],"about":[{"href":"https:\/\/biketoursspain.com\/es\/wp-json\/wp\/v2\/types\/page"}],"author":[{"embeddable":true,"href":"https:\/\/biketoursspain.com\/es\/wp-json\/wp\/v2\/users\/1"}],"replies":[{"embeddable":true,"href":"https:\/\/biketoursspain.com\/es\/wp-json\/wp\/v2\/comments?post=34006"}],"version-history":[{"count":2,"href":"https:\/\/biketoursspain.com\/es\/wp-json\/wp\/v2\/pages\/34006\/revisions"}],"predecessor-version":[{"id":34277,"href":"https:\/\/biketoursspain.com\/es\/wp-json\/wp\/v2\/pages\/34006\/revisions\/34277"}],"wp:featuredmedia":[{"embeddable":true,"href":"https:\/\/biketoursspain.com\/es\/wp-json\/wp\/v2\/media\/34366"}],"wp:attachment":[{"href":"https:\/\/biketoursspain.com\/es\/wp-json\/wp\/v2\/media?parent=34006"}],"curies":[{"name":"wp","href":"https:\/\/api.w.org\/{rel}","templated":true}]}}