{"id":33971,"date":"2019-03-10T11:54:40","date_gmt":"2019-03-10T11:54:40","guid":{"rendered":"https:\/\/biketoursspain.com\/contact\/"},"modified":"2024-11-23T16:49:28","modified_gmt":"2024-11-23T15:49:28","slug":"contacto","status":"publish","type":"page","link":"https:\/\/biketoursspain.com\/es\/contacto\/","title":{"rendered":"Contacto"},"content":{"rendered":"<h1 style=\"text-align: center;\"><span data-sheets-userformat=\"{&quot;2&quot;:513,&quot;3&quot;:{&quot;1&quot;:0},&quot;12&quot;:0}\" data-sheets-value=\"{&quot;1&quot;:2,&quot;2&quot;:&quot;CONTACTO&quot;}\">CONTACTO<\/span><\/h1>\n<p style=\"text-align: center;\"><span data-sheets-userformat=\"{&quot;2&quot;:513,&quot;3&quot;:{&quot;1&quot;:0},&quot;12&quot;:0}\" data-sheets-value=\"{&quot;1&quot;:2,&quot;2&quot;:&quot;Cont\u00e1ctanos para planear las vacaciones de tus sue\u00f1os en bicicleta por Espa\u00f1a.&quot;}\">Cont\u00e1ctanos para planear las vacaciones de tus sue\u00f1os en bicicleta por Espa\u00f1a.<\/span><\/p>\n<h2>ESCR\u00cdBENOS UN MENSAJE<\/h2>\n<p>Contact Us Subject First name Last name Email Phone number Message Privacy Policy * I accept your <a href=\"https:\/\/biketoursspain.com\/privacy-policy\/\">Privacy Policy<\/a> Newsletter I want to subscribe the newsletter and receive marketing promotions reCAPTCHA<\/p>\n","protected":false},"excerpt":{"rendered":"<p>CONTACTO Cont\u00e1ctanos para planear las vacaciones de tus sue\u00f1os en bicicleta por Espa\u00f1a. ESCR\u00cdBENOS UN MENSAJE Contact Us Subject First name Last name Email Phone number Message Privacy Policy * I accept your Privacy Policy Newsletter I want to subscribe the newsletter and receive marketing promotions reCAPTCHA<\/p>\n","protected":false},"author":1,"featured_media":34366,"parent":0,"menu_order":23,"comment_status":"closed","ping_status":"closed","template":"","meta":{"ct_builder_shortcodes":"","ct_template_type":"","ct_parent_template":0,"_seopress_robots_primary_cat":"","_seopress_titles_title":"Contacto - tour de bicicleta en Espa\u00f1a","_seopress_titles_desc":"Ponte en contacto para planificar las vacaciones en bicicleta de tus sue\u00f1os en Espa\u00f1a.","_seopress_robots_index":"","footnotes":""},"class_list":["post-33971","page","type-page","status-publish","has-post-thumbnail","hentry"],"_links":{"self":[{"href":"https:\/\/biketoursspain.com\/es\/wp-json\/wp\/v2\/pages\/33971","targetHints":{"allow":["GET"]}}],"collection":[{"href":"https:\/\/biketoursspain.com\/es\/wp-json\/wp\/v2\/pages"}],"about":[{"href":"https:\/\/biketoursspain.com\/es\/wp-json\/wp\/v2\/types\/page"}],"author":[{"embeddable":true,"href":"https:\/\/biketoursspain.com\/es\/wp-json\/wp\/v2\/users\/1"}],"replies":[{"embeddable":true,"href":"https:\/\/biketoursspain.com\/es\/wp-json\/wp\/v2\/comments?post=33971"}],"version-history":[{"count":4,"href":"https:\/\/biketoursspain.com\/es\/wp-json\/wp\/v2\/pages\/33971\/revisions"}],"predecessor-version":[{"id":77671,"href":"https:\/\/biketoursspain.com\/es\/wp-json\/wp\/v2\/pages\/33971\/revisions\/77671"}],"wp:featuredmedia":[{"embeddable":true,"href":"https:\/\/biketoursspain.com\/es\/wp-json\/wp\/v2\/media\/34366"}],"wp:attachment":[{"href":"https:\/\/biketoursspain.com\/es\/wp-json\/wp\/v2\/media?parent=33971"}],"curies":[{"name":"wp","href":"https:\/\/api.w.org\/{rel}","templated":true}]}}