{"id":33969,"date":"2021-02-18T17:21:39","date_gmt":"2021-02-18T17:21:39","guid":{"rendered":"https:\/\/biketoursspain.com\/reviews\/"},"modified":"2022-10-03T14:49:13","modified_gmt":"2022-10-03T14:49:13","slug":"resenas","status":"publish","type":"page","link":"https:\/\/biketoursspain.com\/es\/resenas\/","title":{"rendered":"Rese\u00f1as"},"content":{"rendered":"<h1 style=\"text-align: center;\"><span data-sheets-userformat=\"{&quot;2&quot;:513,&quot;3&quot;:{&quot;1&quot;:0},&quot;12&quot;:0}\" data-sheets-value=\"{&quot;1&quot;:2,&quot;2&quot;:&quot;LEE NUESTRA RESE\u00d1AS&quot;}\">LEE NUESTRA RESE\u00d1AS<\/span><\/h1>\n<p style=\"text-align: center;\"><span data-sheets-userformat=\"{&quot;2&quot;:513,&quot;3&quot;:{&quot;1&quot;:0},&quot;12&quot;:0}\" data-sheets-value=\"{&quot;1&quot;:2,&quot;2&quot;:&quot;Gente real que deja sus testimonios sobre sus experiencias durante nuestros tours en bicicleta&quot;}\">Gente real que deja sus testimonios sobre sus experiencias durante nuestros tours en bicicleta<\/span><\/p>\n<p><h3>\u00a1El mejor viaje de todos!<\/h3>\n<p><span data-sheets-value=\"{&quot;1&quot;:2,&quot;2&quot;:&quot;\u00c9ste fue mi primer viaje en bicicleta y han sido las mejores vacaciones que he tenido. Viajar de pueblo en pueblo, atravesando m\u00faltiples terrenos que inclu\u00edan paseos mar\u00edtimos al lado de la playa, caminos medievales empedrados, caminos de tierra, senderos de piedras y pasar a trav\u00e9s de pueblos, peque\u00f1as ciudades, hermosas tierras agr\u00edcolas, vi\u00f1edos, y bosques de pinos, definitivamente alimentaron mucho todos nuestros sentidos. Los hoteles boutique que el equipo Live Love Ride eligi\u00f3 para nosotros fueron muy especiales a su propia manera. Adem\u00e1s del excepcional servicio al cliente y las variadas y excelentes opciones de hoteles, nos sorprendi\u00f3 gratamente la calidad de las recomendaciones de los restaurantes; recomiendo encarecidamente seguir sus recomendaciones. Espa\u00f1a y Portugal son ambos pa\u00edses hermosos y la cultura cambi\u00f3 mucho m\u00e1s de lo que esperaba a lo largo de nuestro recorrido. Experimentar la regi\u00f3n sobre dos ruedas nos di\u00f3 la oportunidad de conocer estos dos pa\u00edses con nuestros cinco sentidos, a un ritmo perfecto para asimilarlo todo. Vivimos, amamos y rodamos a trav\u00e9s de una de las mejores experiencias de nuestras vidas. &quot;}\" data-sheets-userformat=\"{&quot;2&quot;:513,&quot;3&quot;:{&quot;1&quot;:0},&quot;12&quot;:0}\">\u00c9ste fue mi primer viaje en bicicleta y han sido las mejores vacaciones que he tenido. Viajar de pueblo en pueblo, atravesando m\u00faltiples terrenos que inclu\u00edan paseos mar\u00edtimos al lado de la playa, caminos medievales empedrados, caminos de tierra, senderos de piedras y pasar a trav\u00e9s de pueblos, peque\u00f1as ciudades, hermosas tierras agr\u00edcolas, vi\u00f1edos, y bosques de pinos, definitivamente alimentaron mucho todos nuestros sentidos. Los hoteles boutique que el equipo Live Love Ride eligi\u00f3 para nosotros fueron muy especiales a su propia manera. Adem\u00e1s del excepcional servicio al cliente y las variadas y excelentes opciones de hoteles, nos sorprendi\u00f3 gratamente la calidad de las recomendaciones de los restaurantes; recomiendo encarecidamente seguir sus recomendaciones. Espa\u00f1a y Portugal son ambos pa\u00edses hermosos y la cultura cambi\u00f3 mucho m\u00e1s de lo que esperaba a lo largo de nuestro recorrido. Experimentar la regi\u00f3n sobre dos ruedas nos di\u00f3 la oportunidad de conocer estos dos pa\u00edses con nuestros cinco sentidos, a un ritmo perfecto para asimilarlo todo. Vivimos, amamos y rodamos a trav\u00e9s de una de las mejores experiencias de nuestras vidas. <\/span><\/p>\n<p>  Jay, USA  <\/p>\n<h3>Tour en bicicleta fant\u00e1stico<\/h3>\n<p><span data-sheets-value=\"{&quot;1&quot;:2,&quot;2&quot;:&quot;Tuve una excelente experiencia ciclista con \u00e9stos chicos. No puedo decir suficiente de nuestro tr\u00edo, Joaquim, Luis y Rodrigo, quienes fueron un excelente equipo, siempre gui\u00e1ndonos pacientemente a trav\u00e9s de terrenos complicados y accidentados, con su evidente experiencia y habilidad. Durante todo el viaje se preocuparon mucho por siempre gestionar nuestro grupo de manera amable y eficiente, velando siempre por nuestra seguridad y comodidad. Definitivamente recomiendo a esta empresa.&quot;}\" data-sheets-userformat=\"{&quot;2&quot;:513,&quot;3&quot;:{&quot;1&quot;:0},&quot;12&quot;:0}\">Tuve una excelente experiencia ciclista con \u00e9stos chicos. No puedo decir suficiente de nuestro tr\u00edo, Joaquim, Luis y Rodrigo, quienes fueron un excelente equipo, siempre gui\u00e1ndonos pacientemente a trav\u00e9s de terrenos complicados y accidentados, con su evidente experiencia y habilidad. Durante todo el viaje se preocuparon mucho por siempre gestionar nuestro grupo de manera amable y eficiente, velando siempre por nuestra seguridad y comodidad. Definitivamente recomiendo a esta empresa.<\/span><\/p>\n<p>  Vicky, USA  <\/p>\n<h3>\u00a1Amamos cada segundo!<\/h3>\n<p>Elegimos un tour autoguiado en bicicleta por el Camino de Santiago. Vali\u00f3 mucho la pena contratarlos para hacer nuestro viaje sin ning\u00fan problema o contratiempo. Ellos cuidaron todos los detalles; se encargaron del transporte desde y hacia el aeropuerto, reservaron todos nuestros hoteles, nos dieron bicicletas de monta\u00f1a y todo el equipo necesario, transfirieron nuestro equipaje todos los d\u00edas, nos dieron recomendaciones excepcionales de restaurantes y nos acompa\u00f1aron mucho a lo largo del camino. \u00a1El servicio fue excelente! Ellos hicieron todo lo posible para atender todas nuestras dudas y asegurarse de que estuvi\u00e9ramos siempre felices y atendidos. El servicio que nos brindaron, hicieron de \u00e9ste viaje algo muy especial.<\/p>\n<p>El ciclismo de monta\u00f1a fue incre\u00edble, Fue desafiante y a la vez muy gratificante. Me encantaron los diferentes terrenos y las vistas a lo largo del recorrido. No sab\u00edamos qu\u00e9 esperar para la siguiente vuelta. \u00a1\u00c9sta ruta fue excelente para nosotros! En total fueron 6 d\u00edas \u00e9picos de pedalear, 180 hermosas millas y 15,000 pulgadas de desnivel positivo, haciendo de \u00e9ste viaje una de las mejores vacaciones que he tenido.<\/p>\n<p>  Kelly H, Canada<\/p>\n<h1 style=\"text-align: center;\"><span data-sheets-userformat=\"{&quot;2&quot;:513,&quot;3&quot;:{&quot;1&quot;:0},&quot;12&quot;:0}\" data-sheets-value=\"{&quot;1&quot;:2,&quot;2&quot;:&quot;ELIGE CON CONFIANZA&quot;}\">ELIGE CON CONFIANZA<\/span><\/h1>\n<p style=\"text-align: center;\"><span data-sheets-userformat=\"{&quot;2&quot;:513,&quot;3&quot;:{&quot;1&quot;:0},&quot;12&quot;:0}\" data-sheets-value=\"{&quot;1&quot;:2,&quot;2&quot;:&quot;Sabemos que cada detalle cuenta, queremos hacer de tu experiencia algo memorable&quot;}\">Sabemos que cada detalle cuenta, queremos hacer de tu experiencia algo memorable<\/span><\/p>\n<p><h3>\u00a1El viaje m\u00e1s incre\u00edble de todos!<\/h3>\n<p><span data-sheets-value=\"{&quot;1&quot;:2,&quot;2&quot;:&quot;\u00a1Estaba en un grupo de 10 mujeres de Alaska, todas amigas, viajando para escapar de las exigencias de la vida cotidiana! Nuestra experiencia con Live Love Ride fue una que nunca olvidaremos. Siempre estuvimos en excelentes manos gracias a nuestras Mam\u00e1s, apodamos a nuestros gu\u00edas Mam\u00e1s, pues eso era exactamente lo que eran. Siempre estuvimos bien atendidas, alimentadas con las comidas m\u00e1s incre\u00edbles y siempre completamente seguras. Recomiendo ampliamente esta compa\u00f1\u00eda a cualquier persona que busque la aventura de su vida en compa\u00f1\u00eda de amigos o familia. \u00a1Estamos rogando a nuestras Mam\u00e1s para que vengan a Alaska y los podamos guiar a trav\u00e9s de nuestras monta\u00f1as!&quot;}\" data-sheets-userformat=\"{&quot;2&quot;:513,&quot;3&quot;:{&quot;1&quot;:0},&quot;12&quot;:0}\">\u00a1Estaba en un grupo de 10 mujeres de Alaska, todas amigas, viajando para escapar de las exigencias de la vida cotidiana! Nuestra experiencia con Live Love Ride fue una que nunca olvidaremos. Siempre estuvimos en excelentes manos gracias a nuestras Mam\u00e1s, apodamos a nuestros gu\u00edas Mam\u00e1s, pues eso era exactamente lo que eran. Siempre estuvimos bien atendidas, alimentadas con las comidas m\u00e1s incre\u00edbles y siempre completamente seguras. Recomiendo ampliamente esta compa\u00f1\u00eda a cualquier persona que busque la aventura de su vida en compa\u00f1\u00eda de amigos o familia. \u00a1Estamos rogando a nuestras Mam\u00e1s para que vengan a Alaska y los podamos guiar a trav\u00e9s de nuestras monta\u00f1as!<\/span><\/p>\n<p>  Katie S, USA  <\/p>\n<h3>\u00a1Viaje fant\u00e1stico - Gu\u00edas excelentes!<\/h3>\n<p><span data-sheets-value=\"{&quot;1&quot;:2,&quot;2&quot;:&quot;Tuve un gran viaje. Nuestros gu\u00edas, Rodrigo y Bruno, fueron simplemente excelentes. Los hoteles que eligi\u00f3 la empresa para nosotros fueron geniales, y lo mismo ocurri\u00f3 con las comidas. Todo estaba perfectamente planeado. Definitivamente lo recomendar\u00eda a todos y espero regresar pronto.&quot;}\" data-sheets-userformat=\"{&quot;2&quot;:513,&quot;3&quot;:{&quot;1&quot;:0},&quot;12&quot;:0}\">Tuve un gran viaje. Nuestros gu\u00edas, Rodrigo y Bruno, fueron simplemente excelentes. Los hoteles que eligi\u00f3 la empresa para nosotros fueron geniales, y lo mismo ocurri\u00f3 con las comidas. Todo estaba perfectamente planeado. Definitivamente lo recomendar\u00eda a todos y espero regresar pronto.<\/span><\/p>\n<p>  Alan S., UK  <\/p>\n<h3>Servicio sobresaliente<\/h3>\n<p><span data-sheets-value=\"{&quot;1&quot;:2,&quot;2&quot;:&quot;Tuve una semana fant\u00e1stica de andar en bicicleta. Fuimos un grupo de 7 personas y 2 gu\u00edas, recorrimos paisajes hermosos, nos detuvimos en pueblos pintorescos durante cada d\u00eda del viaje, Nos alojamos en espacios de alta calidad todas las noches. Los gu\u00edas que tuvimos con nosotros, Rodrigo y Luis, fueron geniales. Todo muy bien organizado, muy bien informado, muy amables y con mucha diversi\u00f3n, Todo el tiempo nos sentimos muy bien atendidos. Ya estamos planeando nuestro viaje de regreso.&quot;}\" data-sheets-userformat=\"{&quot;2&quot;:513,&quot;3&quot;:{&quot;1&quot;:0},&quot;12&quot;:0}\">Tuve una semana fant\u00e1stica de andar en bicicleta. Fuimos un grupo de 7 personas y 2 gu\u00edas, recorrimos paisajes hermosos, nos detuvimos en pueblos pintorescos durante cada d\u00eda del viaje, Nos alojamos en espacios de alta calidad todas las noches. Los gu\u00edas que tuvimos con nosotros, Rodrigo y Luis, fueron geniales. Todo muy bien organizado, muy bien informado, muy amables y con mucha diversi\u00f3n, Todo el tiempo nos sentimos muy bien atendidos. Ya estamos planeando nuestro viaje de regreso.<\/span><\/p>\n<p>  A Cam, UK<\/p>\n<h1 style=\"text-align: center;\"><span data-sheets-userformat=\"{&quot;2&quot;:513,&quot;3&quot;:{&quot;1&quot;:0},&quot;12&quot;:0}\" data-sheets-value=\"{&quot;1&quot;:2,&quot;2&quot;:&quot;CERTIFICADO DE EXCELENCIA TRIPADVISOR&quot;}\">CERTIFICADO DE EXCELENCIA TRIPADVISOR<\/span><\/h1>\n<p style=\"text-align: center;\"><span data-sheets-userformat=\"{&quot;2&quot;:513,&quot;3&quot;:{&quot;1&quot;:0},&quot;12&quot;:0}\" data-sheets-value=\"{&quot;1&quot;:2,&quot;2&quot;:&quot;Mantenemos un perfil 5 estrellas en TripAdvisor desde 2017&quot;}\">Mantenemos un perfil 5 estrellas en TripAdvisor desde 2017<\/span><\/p>\n<p><h3>Pedro nos convirti\u00f3 en los reyes del camino<\/h3>\n<p><span data-sheets-value=\"{&quot;1&quot;:2,&quot;2&quot;:&quot;Eleg\u00ed a Live Love Ride porque desde el principio, Pedro se mostr\u00f3 muy interesado en asegurarse de que me hab\u00eda dado toda la informaci\u00f3n necesaria para que yo pudiera tomar la mejor decisi\u00f3n en cuanto a lo que quer\u00eda. El \u00fanico toque personal que recib\u00ed de otras empresas fue siempre el seguir pidiendo dinero, el resto del tiempo s\u00f3lo me mandaban fotos bonitas. \u00c9ste toque personal, fue seguido por una ruta muy bien pensada, con diferentes hoteles elegidos para cada noche y excelentes recomendaciones de lugares para cenar. \u00a1\u00a1Muy recomendable!!&quot;}\" data-sheets-userformat=\"{&quot;2&quot;:513,&quot;3&quot;:{&quot;1&quot;:0},&quot;12&quot;:0}\">Eleg\u00ed a Live Love Ride porque desde el principio, Pedro se mostr\u00f3 muy interesado en asegurarse de que me hab\u00eda dado toda la informaci\u00f3n necesaria para que yo pudiera tomar la mejor decisi\u00f3n en cuanto a lo que quer\u00eda. El \u00fanico toque personal que recib\u00ed de otras empresas fue siempre el seguir pidiendo dinero, el resto del tiempo s\u00f3lo me mandaban fotos bonitas. \u00c9ste toque personal, fue seguido por una ruta muy bien pensada, con diferentes hoteles elegidos para cada noche y excelentes recomendaciones de lugares para cenar. \u00a1\u00a1Muy recomendable!!<\/span><\/p>\n<p>  Ian W., New Zealand  <\/p>\n<h3>\u00a1No podr\u00edamos pedir m\u00e1s!<\/h3>\n<p><span data-sheets-value=\"{&quot;1&quot;:2,&quot;2&quot;:&quot;Mis agradecimientos a Pedro, Riccardo y Jonas por cuidarnos tan bien a lo largo de nuestro reciente viaje de una semana. Los hoteles fueron fant\u00e1sticos, la comida fue incre\u00edble, las rodadas fueron perfectas en t\u00e9rminos de duraci\u00f3n, velocidad y dificultad perfectamente adecuada para la capacidad de nuestro grupo. Lo recomiendo ampliamente...&quot;}\" data-sheets-userformat=\"{&quot;2&quot;:513,&quot;3&quot;:{&quot;1&quot;:0},&quot;12&quot;:0}\">Mis agradecimientos a Pedro, Riccardo y Jonas por cuidarnos tan bien a lo largo de nuestro reciente viaje de una semana. Los hoteles fueron fant\u00e1sticos, la comida fue incre\u00edble, las rodadas fueron perfectas en t\u00e9rminos de duraci\u00f3n, velocidad y dificultad perfectamente adecuada para la capacidad de nuestro grupo. Lo recomiendo ampliamente...<\/span><\/p>\n<p>  Mark, Thailand<\/p>\n<h1 style=\"text-align: center;\"><span data-sheets-userformat=\"{&quot;2&quot;:513,&quot;3&quot;:{&quot;1&quot;:0},&quot;12&quot;:0}\" data-sheets-value=\"{&quot;1&quot;:2,&quot;2&quot;:&quot;COMO APARECE EN&quot;}\">COMO APARECE EN<\/span><\/h1>\n<p style=\"text-align: center;\"><span data-sheets-userformat=\"{&quot;2&quot;:513,&quot;3&quot;:{&quot;1&quot;:0},&quot;12&quot;:0}\" data-sheets-value=\"{&quot;1&quot;:2,&quot;2&quot;:&quot;Nuestras vacaciones en bicicleta, han sido destacadas en varios medios de ciclismo y viajes de todo el mundo&quot;}\">Nuestras vacaciones en bicicleta, han sido destacadas en varios medios de ciclismo y viajes de todo el mundo<\/span><\/p>\n","protected":false},"excerpt":{"rendered":"<p>LEE NUESTRA RESE\u00d1AS Gente real que deja sus testimonios sobre sus experiencias durante nuestros tours en bicicleta \u00a1El mejor viaje de todos! \u00c9ste fue mi primer viaje en bicicleta y han sido las mejores vacaciones que he tenido. Viajar de pueblo en pueblo, atravesando m\u00faltiples terrenos que inclu\u00edan paseos mar\u00edtimos al lado de la playa, [&hellip;]<\/p>\n","protected":false},"author":1,"featured_media":0,"parent":0,"menu_order":16,"comment_status":"closed","ping_status":"closed","template":"","meta":{"ct_builder_shortcodes":"","ct_template_type":"","ct_parent_template":0,"_seopress_robots_primary_cat":"","_seopress_titles_title":"Lee nuestra rese\u00f1as - tour de bicicleta en Espa\u00f1a","_seopress_titles_desc":"Gente real que deja sus testimonios sobre sus experiencias durante nuestros tours en bicicleta","_seopress_robots_index":"","footnotes":""},"class_list":["post-33969","page","type-page","status-publish","hentry"],"_links":{"self":[{"href":"https:\/\/biketoursspain.com\/es\/wp-json\/wp\/v2\/pages\/33969","targetHints":{"allow":["GET"]}}],"collection":[{"href":"https:\/\/biketoursspain.com\/es\/wp-json\/wp\/v2\/pages"}],"about":[{"href":"https:\/\/biketoursspain.com\/es\/wp-json\/wp\/v2\/types\/page"}],"author":[{"embeddable":true,"href":"https:\/\/biketoursspain.com\/es\/wp-json\/wp\/v2\/users\/1"}],"replies":[{"embeddable":true,"href":"https:\/\/biketoursspain.com\/es\/wp-json\/wp\/v2\/comments?post=33969"}],"version-history":[{"count":3,"href":"https:\/\/biketoursspain.com\/es\/wp-json\/wp\/v2\/pages\/33969\/revisions"}],"predecessor-version":[{"id":34365,"href":"https:\/\/biketoursspain.com\/es\/wp-json\/wp\/v2\/pages\/33969\/revisions\/34365"}],"wp:attachment":[{"href":"https:\/\/biketoursspain.com\/es\/wp-json\/wp\/v2\/media?parent=33969"}],"curies":[{"name":"wp","href":"https:\/\/api.w.org\/{rel}","templated":true}]}}